{"id":1504,"date":"2024-06-18T23:45:54","date_gmt":"2024-06-18T21:45:54","guid":{"rendered":"https:\/\/labs.puertasmc.com\/?page_id=1504"},"modified":"2024-06-25T23:22:16","modified_gmt":"2024-06-25T21:22:16","slug":"puertas-rapidas","status":"publish","type":"page","link":"https:\/\/puertasmc.com\/ca\/productos\/puertas-rapidas\/","title":{"rendered":"Puertas r\u00e1pidas"},"content":{"rendered":"<div class=\"wp-block-group alignwide is-content-justification-center is-layout-constrained wp-block-group-is-layout-constrained\">\n<h1 class=\"wp-block-heading alignwide has-ast-global-color-0-color has-text-color has-link-color has-xx-large-font-size wp-elements-381086da9b212e4af29a5946bb6d8549\">PUERTAS industriales<\/h1>\n<\/div>\n\n\n\n<div class=\"wp-block-cover\"><span aria-hidden=\"true\" class=\"wp-block-cover__background has-ast-global-color-8-background-color has-background-dim\"><\/span><noscript><img loading=\"lazy\" decoding=\"async\" width=\"1512\" height=\"2016\" class=\"wp-block-cover__image-background wp-image-1608\" alt=\"\" data-skip-lazy src=\"https:\/\/puertasmc.com\/wp-content\/uploads\/2024\/06\/IMG-20221201-WA0035.jpg\" style=\"object-position:64% 43%\" data-object-fit=\"cover\" data-object-position=\"64% 43%\" srcset=\"https:\/\/puertasmc.com\/wp-content\/uploads\/2024\/06\/IMG-20221201-WA0035.jpg 1512w, https:\/\/puertasmc.com\/wp-content\/uploads\/2024\/06\/IMG-20221201-WA0035-225x300.jpg 225w, https:\/\/puertasmc.com\/wp-content\/uploads\/2024\/06\/IMG-20221201-WA0035-768x1024.jpg 768w, https:\/\/puertasmc.com\/wp-content\/uploads\/2024\/06\/IMG-20221201-WA0035-1152x1536.jpg 1152w, https:\/\/puertasmc.com\/wp-content\/uploads\/2024\/06\/IMG-20221201-WA0035-9x12.jpg 9w, https:\/\/puertasmc.com\/wp-content\/uploads\/2024\/06\/IMG-20221201-WA0035-500x667.jpg 500w, https:\/\/puertasmc.com\/wp-content\/uploads\/2024\/06\/IMG-20221201-WA0035-800x1067.jpg 800w, https:\/\/puertasmc.com\/wp-content\/uploads\/2024\/06\/IMG-20221201-WA0035-1280x1707.jpg 1280w\" sizes=\"auto, (max-width: 1512px) 100vw, 1512px\" \/><\/noscript><img loading=\"eager\" decoding=\"async\" width=\"1512\" height=\"2016\" class=\"wp-block-cover__image-background wp-image-1608 vp-lazyload\" alt src=\"https:\/\/puertasmc.com\/wp-content\/uploads\/2024\/06\/IMG-20221201-WA0035.jpg\" style=\"object-position:64% 43%\" data-object-fit=\"cover\" data-object-position=\"64% 43%\" srcset=\"data:image\/svg+xml;base64,PHN2ZyB3aWR0aD0iMTUxMiIgaGVpZ2h0PSIyMDE2IiB2aWV3Qm94PSIwIDAgMTUxMiAyMDE2IiBmaWxsPSJub25lIiB4bWxucz0iaHR0cDovL3d3dy53My5vcmcvMjAwMC9zdmciPjwvc3ZnPg==\" data-src=\"https:\/\/puertasmc.com\/wp-content\/uploads\/2024\/06\/IMG-20221201-WA0035.jpg\" data-srcset=\"https:\/\/puertasmc.com\/wp-content\/uploads\/2024\/06\/IMG-20221201-WA0035.jpg 1512w, https:\/\/puertasmc.com\/wp-content\/uploads\/2024\/06\/IMG-20221201-WA0035-225x300.jpg 225w, https:\/\/puertasmc.com\/wp-content\/uploads\/2024\/06\/IMG-20221201-WA0035-768x1024.jpg 768w, https:\/\/puertasmc.com\/wp-content\/uploads\/2024\/06\/IMG-20221201-WA0035-1152x1536.jpg 1152w, https:\/\/puertasmc.com\/wp-content\/uploads\/2024\/06\/IMG-20221201-WA0035-9x12.jpg 9w, https:\/\/puertasmc.com\/wp-content\/uploads\/2024\/06\/IMG-20221201-WA0035-500x667.jpg 500w, https:\/\/puertasmc.com\/wp-content\/uploads\/2024\/06\/IMG-20221201-WA0035-800x1067.jpg 800w, https:\/\/puertasmc.com\/wp-content\/uploads\/2024\/06\/IMG-20221201-WA0035-1280x1707.jpg 1280w\" data-sizes=\"auto\"><div class=\"wp-block-cover__inner-container is-layout-constrained wp-block-cover-is-layout-constrained\">\n<h2 class=\"wp-block-heading has-text-align-center\">Puertas r\u00e1pidas<\/h2>\n\n\n\n<div class=\"wp-block-columns is-layout-flex wp-container-core-columns-is-layout-28f84493 wp-block-columns-is-layout-flex\">\n<div class=\"wp-block-column is-layout-flow wp-block-column-is-layout-flow\" style=\"flex-basis:33.33%\"><\/div>\n\n\n\n<div class=\"wp-block-column is-layout-flow wp-block-column-is-layout-flow\" style=\"flex-basis:66.66%\">\n<p class=\"has-medium-font-size\"><strong>Dise\u00f1adas para la optimizaci\u00f3n para el flujo de personas, veh\u00edculos y mercanc\u00edas, con un sistema de maniobra r\u00e1pida, fabricada con materiales como PVC, poli\u00e9ster reforzado y aluminio, y destinadas para aislar diferentes \u00e1reas de trabajo, acondicionar, sectorizar y climatizar. Soluciones de cerramiento tanto para interiores y exteriores. Puertas enrollables, apilables y autorreparables<\/strong><\/p>\n<\/div>\n<\/div>\n<\/div><\/div>\n\n\n\n<div class=\"wp-block-columns is-layout-flex wp-container-core-columns-is-layout-28f84493 wp-block-columns-is-layout-flex\">\n<div class=\"wp-block-column is-layout-constrained wp-block-column-is-layout-constrained\"><\/div>\n\n\n\n<div class=\"wp-block-column is-layout-flow wp-block-column-is-layout-flow\">\n<figure class=\"wp-block-image aligncenter size-full is-resized\"><a href=\"https:\/\/ferroflexindustrialaccess.com\/\" target=\"_blank\" rel=\"noreferrer noopener\"><noscript><img decoding=\"async\" data-skip-lazy src=\"https:\/\/puertasmc.com\/wp-content\/uploads\/2024\/06\/logo-ferroflex.svg\" alt=\"\" class=\"wp-image-1506\" style=\"width:260px;height:auto\"\/><\/noscript><img decoding=\"async\" src=\"https:\/\/puertasmc.com\/wp-content\/uploads\/2024\/06\/logo-ferroflex.svg\" alt class=\"wp-image-1506 vp-lazyload\" style=\"width:260px;height:auto\" data-src=\"https:\/\/puertasmc.com\/wp-content\/uploads\/2024\/06\/logo-ferroflex.svg\" data-sizes=\"auto\" loading=\"eager\"><\/a><\/figure>\n<\/div>\n\n\n\n<div class=\"wp-block-column is-layout-flow wp-block-column-is-layout-flow\"><\/div>\n<\/div>\n\n\n\n<div class=\"wp-block-group is-layout-constrained wp-block-group-is-layout-constrained\"><div class=\"wp-block-visual-portfolio alignfull\">\n<div class=\"vp-portfolio vp-uid-e28535db vp-id-1GqbcV\"\n\tdata-vp-layout=\"masonry\" data-vp-content-source=\"images\" data-vp-items-style=\"default\" data-vp-items-click-action=\"popup_gallery\" data-vp-items-gap=\"15\" data-vp-items-gap-vertical=\"\" data-vp-pagination=\"load-more\" data-vp-next-page-url=\"\" data-vp-masonry-columns=\"5\" >\n\t<div class=\"vp-portfolio__preloader-wrap\">\n\t\t<div class=\"vp-portfolio__preloader\">\n\t\t\t<img decoding=\"async\" loading=\"eager\" src=\"https:\/\/puertasmc.com\/wp-content\/plugins\/visual-portfolio\/assets\/images\/logo-dark.svg\" alt=\"Visual Portfolio, Posts &amp; Image Gallery for WordPress\" width=\"20\" height=\"20\" data-skip-lazy>\n\t\t<\/div>\n\t<\/div>\n\t\t<div class=\"vp-portfolio__items-wrap\">\n\t\t\t\n<div class=\"vp-portfolio__items vp-portfolio__items-style-default vp-portfolio__items-show-overlay-hover\">\n\n\t\t<div\t\tclass=\"vp-portfolio__item-wrap vp-portfolio__item-uid-a999ef73\" data-vp-filter=\"\" style=\"--vp-images__object-position: 50% 50%;\" \t\t>\n\t\t\t<template class=\"vp-portfolio__item-popup\" data-vp-popup-img=\"https:\/\/puertasmc.com\/wp-content\/uploads\/2024\/06\/IMG-20221201-WA0035.jpg\" data-vp-popup-img-srcset=\"https:\/\/puertasmc.com\/wp-content\/uploads\/2024\/06\/IMG-20221201-WA0035.jpg 1512w, https:\/\/puertasmc.com\/wp-content\/uploads\/2024\/06\/IMG-20221201-WA0035-225x300.jpg 225w, https:\/\/puertasmc.com\/wp-content\/uploads\/2024\/06\/IMG-20221201-WA0035-768x1024.jpg 768w, https:\/\/puertasmc.com\/wp-content\/uploads\/2024\/06\/IMG-20221201-WA0035-1152x1536.jpg 1152w, https:\/\/puertasmc.com\/wp-content\/uploads\/2024\/06\/IMG-20221201-WA0035-9x12.jpg 9w, https:\/\/puertasmc.com\/wp-content\/uploads\/2024\/06\/IMG-20221201-WA0035-500x667.jpg 500w, https:\/\/puertasmc.com\/wp-content\/uploads\/2024\/06\/IMG-20221201-WA0035-800x1067.jpg 800w, https:\/\/puertasmc.com\/wp-content\/uploads\/2024\/06\/IMG-20221201-WA0035-1280x1707.jpg 1280w\" data-vp-popup-img-size=\"1512x2016\" data-vp-popup-md-img=\"https:\/\/puertasmc.com\/wp-content\/uploads\/2024\/06\/IMG-20221201-WA0035-800x1067.jpg\" data-vp-popup-md-img-size=\"800x1067\" data-vp-popup-sm-img=\"https:\/\/puertasmc.com\/wp-content\/uploads\/2024\/06\/IMG-20221201-WA0035-500x667.jpg\" data-vp-popup-sm-img-size=\"500x667\">\n\t<\/template>\n\t\t\t\t\t\t<figure class=\"vp-portfolio__item\">\n\t\t\t\t\n<div class=\"vp-portfolio__item-img-wrap\">\n\t<div class=\"vp-portfolio__item-img\">\n\t\t\t<a\n\t\thref=\"https:\/\/puertasmc.com\/wp-content\/uploads\/2024\/06\/IMG-20221201-WA0035.jpg\"\n\t\t\t>\n\t\n\t\t<noscript><img loading=\"lazy\" decoding=\"async\" width=\"1280\" height=\"1707\" data-skip-lazy src=\"https:\/\/puertasmc.com\/wp-content\/uploads\/2024\/06\/IMG-20221201-WA0035-1280x1707.jpg\" class=\"wp-image-1608\" alt=\"\" srcset=\"https:\/\/puertasmc.com\/wp-content\/uploads\/2024\/06\/IMG-20221201-WA0035-1280x1707.jpg 1280w, https:\/\/puertasmc.com\/wp-content\/uploads\/2024\/06\/IMG-20221201-WA0035-225x300.jpg 225w, https:\/\/puertasmc.com\/wp-content\/uploads\/2024\/06\/IMG-20221201-WA0035-768x1024.jpg 768w, https:\/\/puertasmc.com\/wp-content\/uploads\/2024\/06\/IMG-20221201-WA0035-1152x1536.jpg 1152w, https:\/\/puertasmc.com\/wp-content\/uploads\/2024\/06\/IMG-20221201-WA0035-9x12.jpg 9w, https:\/\/puertasmc.com\/wp-content\/uploads\/2024\/06\/IMG-20221201-WA0035-500x667.jpg 500w, https:\/\/puertasmc.com\/wp-content\/uploads\/2024\/06\/IMG-20221201-WA0035-800x1067.jpg 800w, https:\/\/puertasmc.com\/wp-content\/uploads\/2024\/06\/IMG-20221201-WA0035.jpg 1512w\" sizes=\"auto, (max-width: 1280px) 100vw, 1280px\" \/><\/noscript><img fetchpriority=\"high\" decoding=\"async\" width=\"1280\" height=\"1707\" src=\"https:\/\/puertasmc.com\/wp-content\/uploads\/2024\/06\/IMG-20221201-WA0035-1280x1707.jpg\" class=\"wp-image-1608 vp-lazyload\" alt srcset=\"data:image\/svg+xml;base64,PHN2ZyB3aWR0aD0iMTI4MCIgaGVpZ2h0PSIxNzA3IiB2aWV3Qm94PSIwIDAgMTI4MCAxNzA3IiBmaWxsPSJub25lIiB4bWxucz0iaHR0cDovL3d3dy53My5vcmcvMjAwMC9zdmciPjwvc3ZnPg==\" data-src=\"https:\/\/puertasmc.com\/wp-content\/uploads\/2024\/06\/IMG-20221201-WA0035-1280x1707.jpg\" data-srcset=\"https:\/\/puertasmc.com\/wp-content\/uploads\/2024\/06\/IMG-20221201-WA0035-1280x1707.jpg 1280w, https:\/\/puertasmc.com\/wp-content\/uploads\/2024\/06\/IMG-20221201-WA0035-225x300.jpg 225w, https:\/\/puertasmc.com\/wp-content\/uploads\/2024\/06\/IMG-20221201-WA0035-768x1024.jpg 768w, https:\/\/puertasmc.com\/wp-content\/uploads\/2024\/06\/IMG-20221201-WA0035-1152x1536.jpg 1152w, https:\/\/puertasmc.com\/wp-content\/uploads\/2024\/06\/IMG-20221201-WA0035-9x12.jpg 9w, https:\/\/puertasmc.com\/wp-content\/uploads\/2024\/06\/IMG-20221201-WA0035-500x667.jpg 500w, https:\/\/puertasmc.com\/wp-content\/uploads\/2024\/06\/IMG-20221201-WA0035-800x1067.jpg 800w, https:\/\/puertasmc.com\/wp-content\/uploads\/2024\/06\/IMG-20221201-WA0035.jpg 1512w\" data-sizes=\"auto\" loading=\"eager\">\n\t\t<div class=\"vp-portfolio__item-overlay\">\n\t\t\t\t\t<\/div>\n\n\t\t<\/a>\t<\/div>\n<\/div>\n\n\t\t\t<\/figure>\n\t\t\t\t\t<\/div>\n\t\t\n<\/div>\n\t\t<\/div>\n\t\t\n<\/div>\n<\/div><\/div>","protected":false},"excerpt":{"rendered":"<p>PUERTAS industriales<\/p>","protected":false},"author":1,"featured_media":0,"parent":84,"menu_order":0,"comment_status":"closed","ping_status":"closed","template":"","meta":{"site-sidebar-layout":"default","site-content-layout":"","ast-site-content-layout":"full-width-container","site-content-style":"default","site-sidebar-style":"default","ast-global-header-display":"","ast-banner-title-visibility":"","ast-main-header-display":"","ast-hfb-above-header-display":"","ast-hfb-below-header-display":"","ast-hfb-mobile-header-display":"","site-post-title":"","ast-breadcrumbs-content":"","ast-featured-img":"","footer-sml-layout":"","theme-transparent-header-meta":"","adv-header-id-meta":"","stick-header-meta":"","header-above-stick-meta":"","header-main-stick-meta":"","header-below-stick-meta":"","astra-migrate-meta-layouts":"set","ast-page-background-enabled":"default","ast-page-background-meta":{"desktop":{"background-color":"","background-image":"","background-repeat":"repeat","background-position":"center center","background-size":"auto","background-attachment":"scroll","background-type":"","background-media":"","overlay-type":"","overlay-color":"","overlay-opacity":"","overlay-gradient":""},"tablet":{"background-color":"","background-image":"","background-repeat":"repeat","background-position":"center center","background-size":"auto","background-attachment":"scroll","background-type":"","background-media":"","overlay-type":"","overlay-color":"","overlay-opacity":"","overlay-gradient":""},"mobile":{"background-color":"","background-image":"","background-repeat":"repeat","background-position":"center center","background-size":"auto","background-attachment":"scroll","background-type":"","background-media":"","overlay-type":"","overlay-color":"","overlay-opacity":"","overlay-gradient":""}},"ast-content-background-meta":{"desktop":{"background-color":"var(--ast-global-color-5)","background-image":"","background-repeat":"repeat","background-position":"center center","background-size":"auto","background-attachment":"scroll","background-type":"","background-media":"","overlay-type":"","overlay-color":"","overlay-opacity":"","overlay-gradient":""},"tablet":{"background-color":"var(--ast-global-color-5)","background-image":"","background-repeat":"repeat","background-position":"center center","background-size":"auto","background-attachment":"scroll","background-type":"","background-media":"","overlay-type":"","overlay-color":"","overlay-opacity":"","overlay-gradient":""},"mobile":{"background-color":"var(--ast-global-color-5)","background-image":"","background-repeat":"repeat","background-position":"center center","background-size":"auto","background-attachment":"scroll","background-type":"","background-media":"","overlay-type":"","overlay-color":"","overlay-opacity":"","overlay-gradient":""}},"_vp_format_video_url":"","_vp_image_focal_point":[],"footnotes":""},"class_list":["post-1504","page","type-page","status-publish","hentry"],"_links":{"self":[{"href":"https:\/\/puertasmc.com\/ca\/wp-json\/wp\/v2\/pages\/1504","targetHints":{"allow":["GET"]}}],"collection":[{"href":"https:\/\/puertasmc.com\/ca\/wp-json\/wp\/v2\/pages"}],"about":[{"href":"https:\/\/puertasmc.com\/ca\/wp-json\/wp\/v2\/types\/page"}],"author":[{"embeddable":true,"href":"https:\/\/puertasmc.com\/ca\/wp-json\/wp\/v2\/users\/1"}],"replies":[{"embeddable":true,"href":"https:\/\/puertasmc.com\/ca\/wp-json\/wp\/v2\/comments?post=1504"}],"version-history":[{"count":4,"href":"https:\/\/puertasmc.com\/ca\/wp-json\/wp\/v2\/pages\/1504\/revisions"}],"predecessor-version":[{"id":1623,"href":"https:\/\/puertasmc.com\/ca\/wp-json\/wp\/v2\/pages\/1504\/revisions\/1623"}],"up":[{"embeddable":true,"href":"https:\/\/puertasmc.com\/ca\/wp-json\/wp\/v2\/pages\/84"}],"wp:attachment":[{"href":"https:\/\/puertasmc.com\/ca\/wp-json\/wp\/v2\/media?parent=1504"}],"curies":[{"name":"wp","href":"https:\/\/api.w.org\/{rel}","templated":true}]}}