{"id":1512,"date":"2024-06-19T00:03:56","date_gmt":"2024-06-18T22:03:56","guid":{"rendered":"https:\/\/labs.puertasmc.com\/?page_id=1512"},"modified":"2024-08-07T12:53:34","modified_gmt":"2024-08-07T10:53:34","slug":"servicios","status":"publish","type":"page","link":"https:\/\/puertasmc.com\/ca\/productos\/servicios\/","title":{"rendered":"Serveis"},"content":{"rendered":"<div class=\"wp-block-group alignwide is-layout-constrained wp-block-group-is-layout-constrained\">\n<h1 class=\"wp-block-heading alignwide has-ast-global-color-0-color has-text-color has-link-color has-xx-large-font-size wp-elements-085cd62ee2f14f26632b04f6dd005de1\">Serveis<\/h1>\n<\/div>\n\n\n\n<div class=\"wp-block-cover is-light\"><span aria-hidden=\"true\" class=\"wp-block-cover__background has-background-dim\" style=\"background-color:#838b92\"><\/span><div class=\"wp-block-cover__inner-container is-layout-constrained wp-block-cover-is-layout-constrained\">\n<h2 class=\"wp-block-heading has-text-align-center\">Montaje y reparaciones<\/h2>\n\n\n\n<div class=\"wp-block-columns is-layout-flex wp-container-core-columns-is-layout-28f84493 wp-block-columns-is-layout-flex\">\n<div class=\"wp-block-column is-layout-flow wp-block-column-is-layout-flow\" style=\"flex-basis:33.33%\">\n<figure class=\"wp-block-image aligncenter size-large is-resized\"><noscript><img loading=\"lazy\" decoding=\"async\" width=\"768\" height=\"1024\" data-skip-lazy src=\"https:\/\/puertasmc.com\/wp-content\/uploads\/2024\/06\/IMG-20240531-WA0026-1-768x1024.jpg\" alt=\"\" class=\"wp-image-1647\" style=\"width:220px\" srcset=\"https:\/\/puertasmc.com\/wp-content\/uploads\/2024\/06\/IMG-20240531-WA0026-1-768x1024.jpg 768w, https:\/\/puertasmc.com\/wp-content\/uploads\/2024\/06\/IMG-20240531-WA0026-1-225x300.jpg 225w, https:\/\/puertasmc.com\/wp-content\/uploads\/2024\/06\/IMG-20240531-WA0026-1-1152x1536.jpg 1152w, https:\/\/puertasmc.com\/wp-content\/uploads\/2024\/06\/IMG-20240531-WA0026-1-9x12.jpg 9w, https:\/\/puertasmc.com\/wp-content\/uploads\/2024\/06\/IMG-20240531-WA0026-1-500x667.jpg 500w, https:\/\/puertasmc.com\/wp-content\/uploads\/2024\/06\/IMG-20240531-WA0026-1-800x1067.jpg 800w, https:\/\/puertasmc.com\/wp-content\/uploads\/2024\/06\/IMG-20240531-WA0026-1.jpg 1200w\" sizes=\"auto, (max-width: 768px) 100vw, 768px\" \/><\/noscript><img loading=\"eager\" decoding=\"async\" width=\"768\" height=\"1024\" src=\"https:\/\/puertasmc.com\/wp-content\/uploads\/2024\/06\/IMG-20240531-WA0026-1-768x1024.jpg\" alt class=\"wp-image-1647 vp-lazyload\" style=\"width:220px\" srcset=\"data:image\/svg+xml;base64,PHN2ZyB3aWR0aD0iNzY4IiBoZWlnaHQ9IjEwMjQiIHZpZXdCb3g9IjAgMCA3NjggMTAyNCIgZmlsbD0ibm9uZSIgeG1sbnM9Imh0dHA6Ly93d3cudzMub3JnLzIwMDAvc3ZnIj48L3N2Zz4=\" data-src=\"https:\/\/puertasmc.com\/wp-content\/uploads\/2024\/06\/IMG-20240531-WA0026-1-768x1024.jpg\" data-srcset=\"https:\/\/puertasmc.com\/wp-content\/uploads\/2024\/06\/IMG-20240531-WA0026-1-768x1024.jpg 768w, https:\/\/puertasmc.com\/wp-content\/uploads\/2024\/06\/IMG-20240531-WA0026-1-225x300.jpg 225w, https:\/\/puertasmc.com\/wp-content\/uploads\/2024\/06\/IMG-20240531-WA0026-1-1152x1536.jpg 1152w, https:\/\/puertasmc.com\/wp-content\/uploads\/2024\/06\/IMG-20240531-WA0026-1-9x12.jpg 9w, https:\/\/puertasmc.com\/wp-content\/uploads\/2024\/06\/IMG-20240531-WA0026-1-500x667.jpg 500w, https:\/\/puertasmc.com\/wp-content\/uploads\/2024\/06\/IMG-20240531-WA0026-1-800x1067.jpg 800w, https:\/\/puertasmc.com\/wp-content\/uploads\/2024\/06\/IMG-20240531-WA0026-1.jpg 1200w\" data-sizes=\"auto\"><\/figure>\n<\/div>\n\n\n\n<div class=\"wp-block-column is-layout-flow wp-block-column-is-layout-flow\" style=\"flex-basis:66.66%\">\n<p class=\"has-medium-font-size\"><strong>Montaje y reparaciones&nbsp;de puertas residenciales e industriales.<\/strong><\/p>\n\n\n\n<p class=\"has-medium-font-size\"><strong>Especializada en el montaje, reparaciones y mantenimiento de puertas residenciales e industriales, con soluciones integrales y personalizadas.<\/strong><\/p>\n\n\n\n<p class=\"has-medium-font-size\"><strong>Como t\u00e9cnicos expertos y altamente cualificados, le ofrecemos la excelencia en nuestros servicios, donde utilizamos materiales y componentes de alta calidad, medios adecuados para nuestros trabajos para conseguir servicios de calidad, seguridad y eficientes<\/strong><\/p>\n<\/div>\n<\/div>\n<\/div><\/div>\n\n\n\n<div class=\"wp-block-cover is-light\"><span aria-hidden=\"true\" class=\"wp-block-cover__background has-background-dim\" style=\"background-color:#838b92\"><\/span><div class=\"wp-block-cover__inner-container is-layout-constrained wp-block-cover-is-layout-constrained\">\n<h2 class=\"wp-block-heading has-text-align-center\">Servicios de mantenimiento preventivo<\/h2>\n\n\n\n<div class=\"wp-block-columns is-layout-flex wp-container-core-columns-is-layout-28f84493 wp-block-columns-is-layout-flex\">\n<div class=\"wp-block-column is-layout-flow wp-block-column-is-layout-flow\" style=\"flex-basis:33.33%\">\n<figure class=\"wp-block-image aligncenter size-large is-resized\"><noscript><img loading=\"lazy\" decoding=\"async\" width=\"768\" height=\"1024\" data-skip-lazy src=\"https:\/\/puertasmc.com\/wp-content\/uploads\/2024\/06\/IMG-20240531-WA0022-1-768x1024.jpg\" alt=\"\" class=\"wp-image-1646\" style=\"width:220px\" srcset=\"https:\/\/puertasmc.com\/wp-content\/uploads\/2024\/06\/IMG-20240531-WA0022-1-768x1024.jpg 768w, https:\/\/puertasmc.com\/wp-content\/uploads\/2024\/06\/IMG-20240531-WA0022-1-225x300.jpg 225w, https:\/\/puertasmc.com\/wp-content\/uploads\/2024\/06\/IMG-20240531-WA0022-1-1152x1536.jpg 1152w, https:\/\/puertasmc.com\/wp-content\/uploads\/2024\/06\/IMG-20240531-WA0022-1-9x12.jpg 9w, https:\/\/puertasmc.com\/wp-content\/uploads\/2024\/06\/IMG-20240531-WA0022-1-500x667.jpg 500w, https:\/\/puertasmc.com\/wp-content\/uploads\/2024\/06\/IMG-20240531-WA0022-1-800x1067.jpg 800w, https:\/\/puertasmc.com\/wp-content\/uploads\/2024\/06\/IMG-20240531-WA0022-1-1280x1707.jpg 1280w, https:\/\/puertasmc.com\/wp-content\/uploads\/2024\/06\/IMG-20240531-WA0022-1.jpg 1536w\" sizes=\"auto, (max-width: 768px) 100vw, 768px\" \/><\/noscript><img loading=\"eager\" decoding=\"async\" width=\"768\" height=\"1024\" src=\"https:\/\/puertasmc.com\/wp-content\/uploads\/2024\/06\/IMG-20240531-WA0022-1-768x1024.jpg\" alt class=\"wp-image-1646 vp-lazyload\" style=\"width:220px\" srcset=\"data:image\/svg+xml;base64,PHN2ZyB3aWR0aD0iNzY4IiBoZWlnaHQ9IjEwMjQiIHZpZXdCb3g9IjAgMCA3NjggMTAyNCIgZmlsbD0ibm9uZSIgeG1sbnM9Imh0dHA6Ly93d3cudzMub3JnLzIwMDAvc3ZnIj48L3N2Zz4=\" data-src=\"https:\/\/puertasmc.com\/wp-content\/uploads\/2024\/06\/IMG-20240531-WA0022-1-768x1024.jpg\" data-srcset=\"https:\/\/puertasmc.com\/wp-content\/uploads\/2024\/06\/IMG-20240531-WA0022-1-768x1024.jpg 768w, https:\/\/puertasmc.com\/wp-content\/uploads\/2024\/06\/IMG-20240531-WA0022-1-225x300.jpg 225w, https:\/\/puertasmc.com\/wp-content\/uploads\/2024\/06\/IMG-20240531-WA0022-1-1152x1536.jpg 1152w, https:\/\/puertasmc.com\/wp-content\/uploads\/2024\/06\/IMG-20240531-WA0022-1-9x12.jpg 9w, https:\/\/puertasmc.com\/wp-content\/uploads\/2024\/06\/IMG-20240531-WA0022-1-500x667.jpg 500w, https:\/\/puertasmc.com\/wp-content\/uploads\/2024\/06\/IMG-20240531-WA0022-1-800x1067.jpg 800w, https:\/\/puertasmc.com\/wp-content\/uploads\/2024\/06\/IMG-20240531-WA0022-1-1280x1707.jpg 1280w, https:\/\/puertasmc.com\/wp-content\/uploads\/2024\/06\/IMG-20240531-WA0022-1.jpg 1536w\" data-sizes=\"auto\"><\/figure>\n<\/div>\n\n\n\n<div class=\"wp-block-column is-layout-flow wp-block-column-is-layout-flow\" style=\"flex-basis:66.66%\">\n<p class=\"has-medium-font-size\"><strong><strong>Servicios de mantenimiento preventivo,&nbsp;<\/strong>para asegurar el correcto funcionamiento y prolongar la vida \u00fatil de su puerta. Trabajos y periodicidad seg\u00fan los criterios establecidos seg\u00fan la norma UNE 86635.<\/strong><\/p>\n\n\n\n<div class=\"wp-block-buttons is-layout-flex wp-block-buttons-is-layout-flex\">\n<div class=\"wp-block-button\"><a class=\"wp-block-button__link has-text-align-center wp-element-button\" href=\"https:\/\/puertasmc.com\/wp-content\/uploads\/2024\/06\/NORMA-UNE-85635.pdf\" target=\"_blank\" rel=\"noreferrer noopener\">Descargar norma une 86635<\/a><\/div>\n<\/div>\n<\/div>\n<\/div>\n<\/div><\/div>\n\n\n\n<div class=\"wp-block-cover is-light\"><span aria-hidden=\"true\" class=\"wp-block-cover__background has-background-dim\" style=\"background-color:#838b92\"><\/span><div class=\"wp-block-cover__inner-container is-layout-constrained wp-block-cover-is-layout-constrained\">\n<h2 class=\"wp-block-heading has-text-align-center\">ASESORAMIENTO Y REPARACI\u00d3N EN REMOTO DE\u00a0AUTOMATISMOS Y SUS DISPOSITIVOS<\/h2>\n\n\n\n<div class=\"wp-block-columns is-layout-flex wp-container-core-columns-is-layout-28f84493 wp-block-columns-is-layout-flex\">\n<div class=\"wp-block-column is-layout-flow wp-block-column-is-layout-flow\" style=\"flex-basis:33.33%\">\n<figure class=\"wp-block-image aligncenter size-full is-resized\"><noscript><img loading=\"lazy\" decoding=\"async\" width=\"532\" height=\"422\" data-skip-lazy src=\"https:\/\/puertasmc.com\/wp-content\/uploads\/2024\/08\/remoto.png\" alt=\"\" class=\"wp-image-1823\" style=\"width:220px\" srcset=\"https:\/\/puertasmc.com\/wp-content\/uploads\/2024\/08\/remoto.png 532w, https:\/\/puertasmc.com\/wp-content\/uploads\/2024\/08\/remoto-300x238.png 300w, https:\/\/puertasmc.com\/wp-content\/uploads\/2024\/08\/remoto-15x12.png 15w, https:\/\/puertasmc.com\/wp-content\/uploads\/2024\/08\/remoto-500x397.png 500w\" sizes=\"auto, (max-width: 532px) 100vw, 532px\" \/><\/noscript><img loading=\"eager\" decoding=\"async\" width=\"532\" height=\"422\" src=\"https:\/\/puertasmc.com\/wp-content\/uploads\/2024\/08\/remoto.png\" alt class=\"wp-image-1823 vp-lazyload\" style=\"width:220px\" srcset=\"data:image\/svg+xml;base64,PHN2ZyB3aWR0aD0iNTMyIiBoZWlnaHQ9IjQyMiIgdmlld0JveD0iMCAwIDUzMiA0MjIiIGZpbGw9Im5vbmUiIHhtbG5zPSJodHRwOi8vd3d3LnczLm9yZy8yMDAwL3N2ZyI+PC9zdmc+\" data-src=\"https:\/\/puertasmc.com\/wp-content\/uploads\/2024\/08\/remoto.png\" data-srcset=\"https:\/\/puertasmc.com\/wp-content\/uploads\/2024\/08\/remoto.png 532w, https:\/\/puertasmc.com\/wp-content\/uploads\/2024\/08\/remoto-300x238.png 300w, https:\/\/puertasmc.com\/wp-content\/uploads\/2024\/08\/remoto-15x12.png 15w, https:\/\/puertasmc.com\/wp-content\/uploads\/2024\/08\/remoto-500x397.png 500w\" data-sizes=\"auto\"><\/figure>\n<\/div>\n\n\n\n<div class=\"wp-block-column is-layout-flow wp-block-column-is-layout-flow\" style=\"flex-basis:66.66%\">\n<p class=\"has-medium-font-size\"><strong><strong>Si dispone de los dispositivos para automatismo con conectividad de \u00faltima tecnolog\u00eda, podemos ofrecerles diagn\u00f3sticos y primeras intervenciones en remoto en la reparaci\u00f3n de su automatismo. Eficacia y eficiencia para minimizar las molestias durante el periodo de la aver\u00eda<\/strong>.<\/strong><\/p>\n\n\n\n<div class=\"wp-block-buttons is-layout-flex wp-block-buttons-is-layout-flex\"><\/div>\n<\/div>\n<\/div>\n<\/div><\/div>\n\n\n\n<div class=\"wp-block-cover is-light\"><span aria-hidden=\"true\" class=\"wp-block-cover__background has-background-dim\" style=\"background-color:#838b92\"><\/span><div class=\"wp-block-cover__inner-container is-layout-constrained wp-block-cover-is-layout-constrained\">\n<h2 class=\"wp-block-heading has-text-align-center\">Adecuaci\u00f3n de su puerta a las normativas actuales<\/h2>\n\n\n\n<div class=\"wp-block-columns is-layout-flex wp-container-core-columns-is-layout-28f84493 wp-block-columns-is-layout-flex\">\n<div class=\"wp-block-column is-layout-flow wp-block-column-is-layout-flow\" style=\"flex-basis:33.33%\">\n<figure class=\"wp-block-image aligncenter size-large is-resized\"><noscript><img loading=\"lazy\" decoding=\"async\" width=\"498\" height=\"1024\" data-skip-lazy src=\"https:\/\/puertasmc.com\/wp-content\/uploads\/2024\/06\/IMG-20240531-WA0027-498x1024.jpg\" alt=\"\" class=\"wp-image-1648\" style=\"aspect-ratio:2\/3;object-fit:cover;width:220px\" srcset=\"https:\/\/puertasmc.com\/wp-content\/uploads\/2024\/06\/IMG-20240531-WA0027-498x1024.jpg 498w, https:\/\/puertasmc.com\/wp-content\/uploads\/2024\/06\/IMG-20240531-WA0027-146x300.jpg 146w, https:\/\/puertasmc.com\/wp-content\/uploads\/2024\/06\/IMG-20240531-WA0027-768x1580.jpg 768w, https:\/\/puertasmc.com\/wp-content\/uploads\/2024\/06\/IMG-20240531-WA0027-747x1536.jpg 747w, https:\/\/puertasmc.com\/wp-content\/uploads\/2024\/06\/IMG-20240531-WA0027-6x12.jpg 6w, https:\/\/puertasmc.com\/wp-content\/uploads\/2024\/06\/IMG-20240531-WA0027-500x1029.jpg 500w, https:\/\/puertasmc.com\/wp-content\/uploads\/2024\/06\/IMG-20240531-WA0027-800x1646.jpg 800w, https:\/\/puertasmc.com\/wp-content\/uploads\/2024\/06\/IMG-20240531-WA0027.jpg 980w\" sizes=\"auto, (max-width: 498px) 100vw, 498px\" \/><\/noscript><img loading=\"eager\" decoding=\"async\" width=\"498\" height=\"1024\" src=\"https:\/\/puertasmc.com\/wp-content\/uploads\/2024\/06\/IMG-20240531-WA0027-498x1024.jpg\" alt class=\"wp-image-1648 vp-lazyload\" style=\"aspect-ratio:2\/3;object-fit:cover;width:220px\" srcset=\"data:image\/svg+xml;base64,PHN2ZyB3aWR0aD0iNDk4IiBoZWlnaHQ9IjEwMjQiIHZpZXdCb3g9IjAgMCA0OTggMTAyNCIgZmlsbD0ibm9uZSIgeG1sbnM9Imh0dHA6Ly93d3cudzMub3JnLzIwMDAvc3ZnIj48L3N2Zz4=\" data-src=\"https:\/\/puertasmc.com\/wp-content\/uploads\/2024\/06\/IMG-20240531-WA0027-498x1024.jpg\" data-srcset=\"https:\/\/puertasmc.com\/wp-content\/uploads\/2024\/06\/IMG-20240531-WA0027-498x1024.jpg 498w, https:\/\/puertasmc.com\/wp-content\/uploads\/2024\/06\/IMG-20240531-WA0027-146x300.jpg 146w, https:\/\/puertasmc.com\/wp-content\/uploads\/2024\/06\/IMG-20240531-WA0027-768x1580.jpg 768w, https:\/\/puertasmc.com\/wp-content\/uploads\/2024\/06\/IMG-20240531-WA0027-747x1536.jpg 747w, https:\/\/puertasmc.com\/wp-content\/uploads\/2024\/06\/IMG-20240531-WA0027-6x12.jpg 6w, https:\/\/puertasmc.com\/wp-content\/uploads\/2024\/06\/IMG-20240531-WA0027-500x1029.jpg 500w, https:\/\/puertasmc.com\/wp-content\/uploads\/2024\/06\/IMG-20240531-WA0027-800x1646.jpg 800w, https:\/\/puertasmc.com\/wp-content\/uploads\/2024\/06\/IMG-20240531-WA0027.jpg 980w\" data-sizes=\"auto\"><\/figure>\n<\/div>\n\n\n\n<div class=\"wp-block-column is-layout-flow wp-block-column-is-layout-flow\" style=\"flex-basis:66.66%\">\n<p class=\"has-medium-font-size\"><strong><strong>Ofrecemos asesoramiento y soluciones para la adecuaci\u00f3n de su puerta y automatismo a las normativas actuales para obtener la Declaraci\u00f3n de Prestaciones (Declaraci\u00f3n CE\/UE de conformidad), seg\u00fan la norma UNE-EN 13241, todo ello con el asesoramiento del Gremio de Cerrajeros GRECER XXI<\/strong><\/strong><\/p>\n\n\n\n<div class=\"wp-block-buttons is-layout-flex wp-block-buttons-is-layout-flex\"><\/div>\n<\/div>\n<\/div>\n<\/div><\/div>\n\n\n\n<div style=\"height:100px\" aria-hidden=\"true\" class=\"wp-block-spacer\"><\/div>","protected":false},"excerpt":{"rendered":"<p>Serveis<\/p>","protected":false},"author":1,"featured_media":0,"parent":84,"menu_order":0,"comment_status":"closed","ping_status":"closed","template":"","meta":{"site-sidebar-layout":"default","site-content-layout":"","ast-site-content-layout":"full-width-container","site-content-style":"default","site-sidebar-style":"default","ast-global-header-display":"","ast-banner-title-visibility":"","ast-main-header-display":"","ast-hfb-above-header-display":"","ast-hfb-below-header-display":"","ast-hfb-mobile-header-display":"","site-post-title":"","ast-breadcrumbs-content":"","ast-featured-img":"","footer-sml-layout":"","theme-transparent-header-meta":"","adv-header-id-meta":"","stick-header-meta":"","header-above-stick-meta":"","header-main-stick-meta":"","header-below-stick-meta":"","astra-migrate-meta-layouts":"set","ast-page-background-enabled":"default","ast-page-background-meta":{"desktop":{"background-color":"","background-image":"","background-repeat":"repeat","background-position":"center center","background-size":"auto","background-attachment":"scroll","background-type":"","background-media":"","overlay-type":"","overlay-color":"","overlay-opacity":"","overlay-gradient":""},"tablet":{"background-color":"","background-image":"","background-repeat":"repeat","background-position":"center center","background-size":"auto","background-attachment":"scroll","background-type":"","background-media":"","overlay-type":"","overlay-color":"","overlay-opacity":"","overlay-gradient":""},"mobile":{"background-color":"","background-image":"","background-repeat":"repeat","background-position":"center center","background-size":"auto","background-attachment":"scroll","background-type":"","background-media":"","overlay-type":"","overlay-color":"","overlay-opacity":"","overlay-gradient":""}},"ast-content-background-meta":{"desktop":{"background-color":"var(--ast-global-color-5)","background-image":"","background-repeat":"repeat","background-position":"center center","background-size":"auto","background-attachment":"scroll","background-type":"","background-media":"","overlay-type":"","overlay-color":"","overlay-opacity":"","overlay-gradient":""},"tablet":{"background-color":"var(--ast-global-color-5)","background-image":"","background-repeat":"repeat","background-position":"center center","background-size":"auto","background-attachment":"scroll","background-type":"","background-media":"","overlay-type":"","overlay-color":"","overlay-opacity":"","overlay-gradient":""},"mobile":{"background-color":"var(--ast-global-color-5)","background-image":"","background-repeat":"repeat","background-position":"center center","background-size":"auto","background-attachment":"scroll","background-type":"","background-media":"","overlay-type":"","overlay-color":"","overlay-opacity":"","overlay-gradient":""}},"_vp_format_video_url":"","_vp_image_focal_point":[],"footnotes":""},"class_list":["post-1512","page","type-page","status-publish","hentry"],"_links":{"self":[{"href":"https:\/\/puertasmc.com\/ca\/wp-json\/wp\/v2\/pages\/1512","targetHints":{"allow":["GET"]}}],"collection":[{"href":"https:\/\/puertasmc.com\/ca\/wp-json\/wp\/v2\/pages"}],"about":[{"href":"https:\/\/puertasmc.com\/ca\/wp-json\/wp\/v2\/types\/page"}],"author":[{"embeddable":true,"href":"https:\/\/puertasmc.com\/ca\/wp-json\/wp\/v2\/users\/1"}],"replies":[{"embeddable":true,"href":"https:\/\/puertasmc.com\/ca\/wp-json\/wp\/v2\/comments?post=1512"}],"version-history":[{"count":6,"href":"https:\/\/puertasmc.com\/ca\/wp-json\/wp\/v2\/pages\/1512\/revisions"}],"predecessor-version":[{"id":1825,"href":"https:\/\/puertasmc.com\/ca\/wp-json\/wp\/v2\/pages\/1512\/revisions\/1825"}],"up":[{"embeddable":true,"href":"https:\/\/puertasmc.com\/ca\/wp-json\/wp\/v2\/pages\/84"}],"wp:attachment":[{"href":"https:\/\/puertasmc.com\/ca\/wp-json\/wp\/v2\/media?parent=1512"}],"curies":[{"name":"wp","href":"https:\/\/api.w.org\/{rel}","templated":true}]}}