{"id":89,"date":"2024-03-14T22:52:50","date_gmt":"2024-03-14T21:52:50","guid":{"rendered":"https:\/\/labs.puertasmc.com\/?page_id=89"},"modified":"2024-07-24T00:25:03","modified_gmt":"2024-07-23T22:25:03","slug":"contacto","status":"publish","type":"page","link":"https:\/\/puertasmc.com\/ca\/contacto\/","title":{"rendered":"Contacte"},"content":{"rendered":"\n<div class=\"wp-block-group is-layout-constrained wp-block-group-is-layout-constrained\">\n<h1 class=\"wp-block-heading has-ast-global-color-0-color has-text-color has-link-color wp-elements-8f816db757a2940d44fa2ebec9912e0a\">CONT\u00c1CTENOS!<\/h1>\n\n\n\n<h3 class=\"wp-block-heading has-ast-global-color-0-color has-text-color has-link-color wp-elements-fb9b11b737902a1512323e9ebde615f0\">Pida presupuesto sin compromiso con nuestra <a href=\"https:\/\/puertasmc.com\/contacto\/hoja-de-medidas\/\" data-type=\"page\" data-id=\"1398\">hoja de medidas<\/a><\/h3>\n\n\n\n<div style=\"height:50px\" aria-hidden=\"true\" class=\"wp-block-spacer\"><\/div>\n\n\n\n<div class=\"wp-block-columns is-layout-flex wp-container-core-columns-is-layout-28f84493 wp-block-columns-is-layout-flex\">\n<div class=\"wp-block-column is-layout-constrained wp-container-core-column-is-layout-c2cfd08e wp-block-column-is-layout-constrained\" style=\"flex-basis:15%\"><\/div>\n\n\n\n<div class=\"wp-block-column is-layout-flow wp-block-column-is-layout-flow\" style=\"flex-basis:20%\">\n<figure class=\"wp-block-image size-full has-custom-border wp-duotone-grayscale\"><noscript><img loading=\"lazy\" decoding=\"async\" width=\"400\" height=\"400\" data-skip-lazy src=\"https:\/\/puertasmc.com\/wp-content\/uploads\/2024\/07\/foto_jordi-bg.png\" alt=\"\" class=\"wp-image-1781\" style=\"border-radius:40px\" srcset=\"https:\/\/puertasmc.com\/wp-content\/uploads\/2024\/07\/foto_jordi-bg.png 400w, https:\/\/puertasmc.com\/wp-content\/uploads\/2024\/07\/foto_jordi-bg-300x300.png 300w, https:\/\/puertasmc.com\/wp-content\/uploads\/2024\/07\/foto_jordi-bg-150x150.png 150w, https:\/\/puertasmc.com\/wp-content\/uploads\/2024\/07\/foto_jordi-bg-12x12.png 12w\" sizes=\"auto, (max-width: 400px) 100vw, 400px\" \/><\/noscript><img loading=\"eager\" decoding=\"async\" width=\"400\" height=\"400\" src=\"https:\/\/puertasmc.com\/wp-content\/uploads\/2024\/07\/foto_jordi-bg.png\" alt class=\"wp-image-1781 vp-lazyload\" style=\"border-radius:40px\" srcset=\"data:image\/svg+xml;base64,PHN2ZyB3aWR0aD0iNDAwIiBoZWlnaHQ9IjQwMCIgdmlld0JveD0iMCAwIDQwMCA0MDAiIGZpbGw9Im5vbmUiIHhtbG5zPSJodHRwOi8vd3d3LnczLm9yZy8yMDAwL3N2ZyI+PC9zdmc+\" data-src=\"https:\/\/puertasmc.com\/wp-content\/uploads\/2024\/07\/foto_jordi-bg.png\" data-srcset=\"https:\/\/puertasmc.com\/wp-content\/uploads\/2024\/07\/foto_jordi-bg.png 400w, https:\/\/puertasmc.com\/wp-content\/uploads\/2024\/07\/foto_jordi-bg-300x300.png 300w, https:\/\/puertasmc.com\/wp-content\/uploads\/2024\/07\/foto_jordi-bg-150x150.png 150w, https:\/\/puertasmc.com\/wp-content\/uploads\/2024\/07\/foto_jordi-bg-12x12.png 12w\" data-sizes=\"auto\"><\/figure>\n\n\n\n<h3 class=\"wp-block-heading has-text-align-center has-ast-global-color-0-color has-text-color has-link-color wp-elements-3e55475c1a9b1dd5d4b51dbe28698af6\">Jordi Mu\u00f1oz Campos<\/h3>\n\n\n\n<h2 class=\"wp-block-heading has-text-align-center has-ast-global-color-0-color has-text-color has-link-color wp-elements-6f1eec1d62c119bb93fbcf904c32e60a\">639 73 04 79<\/h2>\n<\/div>\n\n\n\n<div class=\"wp-block-column is-vertically-aligned-top is-layout-flow wp-block-column-is-layout-flow\" style=\"flex-basis:20%\">\n<figure class=\"wp-block-image size-full has-custom-border wp-duotone-grayscale\"><noscript><img loading=\"lazy\" decoding=\"async\" width=\"400\" height=\"400\" data-skip-lazy src=\"https:\/\/puertasmc.com\/wp-content\/uploads\/2024\/07\/foto_josep-bg.png\" alt=\"\" class=\"wp-image-1779\" style=\"border-radius:40px\" srcset=\"https:\/\/puertasmc.com\/wp-content\/uploads\/2024\/07\/foto_josep-bg.png 400w, https:\/\/puertasmc.com\/wp-content\/uploads\/2024\/07\/foto_josep-bg-300x300.png 300w, https:\/\/puertasmc.com\/wp-content\/uploads\/2024\/07\/foto_josep-bg-150x150.png 150w, https:\/\/puertasmc.com\/wp-content\/uploads\/2024\/07\/foto_josep-bg-12x12.png 12w\" sizes=\"auto, (max-width: 400px) 100vw, 400px\" \/><\/noscript><img loading=\"eager\" decoding=\"async\" width=\"400\" height=\"400\" src=\"https:\/\/puertasmc.com\/wp-content\/uploads\/2024\/07\/foto_josep-bg.png\" alt class=\"wp-image-1779 vp-lazyload\" style=\"border-radius:40px\" srcset=\"data:image\/svg+xml;base64,PHN2ZyB3aWR0aD0iNDAwIiBoZWlnaHQ9IjQwMCIgdmlld0JveD0iMCAwIDQwMCA0MDAiIGZpbGw9Im5vbmUiIHhtbG5zPSJodHRwOi8vd3d3LnczLm9yZy8yMDAwL3N2ZyI+PC9zdmc+\" data-src=\"https:\/\/puertasmc.com\/wp-content\/uploads\/2024\/07\/foto_josep-bg.png\" data-srcset=\"https:\/\/puertasmc.com\/wp-content\/uploads\/2024\/07\/foto_josep-bg.png 400w, https:\/\/puertasmc.com\/wp-content\/uploads\/2024\/07\/foto_josep-bg-300x300.png 300w, https:\/\/puertasmc.com\/wp-content\/uploads\/2024\/07\/foto_josep-bg-150x150.png 150w, https:\/\/puertasmc.com\/wp-content\/uploads\/2024\/07\/foto_josep-bg-12x12.png 12w\" data-sizes=\"auto\"><\/figure>\n\n\n\n<h3 class=\"wp-block-heading has-text-align-center has-ast-global-color-0-color has-text-color has-link-color wp-elements-2f877db84b1c9a80013631547284ef9b\">Josep Mu\u00f1oz Campos<\/h3>\n\n\n\n<h2 class=\"wp-block-heading has-text-align-center has-ast-global-color-0-color has-text-color has-link-color wp-elements-5234858fadf0d18b843b6508a2582a4e\">655 68 44 69<\/h2>\n<\/div>\n\n\n\n<div class=\"wp-block-column is-layout-flow wp-block-column-is-layout-flow\" style=\"flex-basis:20%\">\n<div style=\"height:300px\" aria-hidden=\"true\" class=\"wp-block-spacer\"><\/div>\n\n\n\n<figure class=\"wp-block-image size-full\">  <div class=\"su-animate\" style=\"opacity:0;-webkit-animation-duration:3s;-webkit-animation-delay:0s;animation-duration:3s;animation-delay:0s;\" data-animation=\"slideInRight\" data-duration=\"3\" data-delay=\"0\"><noscript><img loading=\"lazy\" decoding=\"async\" width=\"586\" height=\"320\" data-skip-lazy src=\"https:\/\/puertasmc.com\/wp-content\/uploads\/2024\/06\/furgo_trans-568x320-1.png\" alt=\"\" class=\"wp-image-1459\" srcset=\"https:\/\/puertasmc.com\/wp-content\/uploads\/2024\/06\/furgo_trans-568x320-1.png 586w, https:\/\/puertasmc.com\/wp-content\/uploads\/2024\/06\/furgo_trans-568x320-1-300x164.png 300w, https:\/\/puertasmc.com\/wp-content\/uploads\/2024\/06\/furgo_trans-568x320-1-18x10.png 18w\" sizes=\"auto, (max-width: 586px) 100vw, 586px\" \/><\/noscript><img loading=\"eager\" decoding=\"async\" width=\"586\" height=\"320\" src=\"https:\/\/puertasmc.com\/wp-content\/uploads\/2024\/06\/furgo_trans-568x320-1.png\" alt class=\"wp-image-1459 vp-lazyload\" srcset=\"data:image\/svg+xml;base64,PHN2ZyB3aWR0aD0iNTg2IiBoZWlnaHQ9IjMyMCIgdmlld0JveD0iMCAwIDU4NiAzMjAiIGZpbGw9Im5vbmUiIHhtbG5zPSJodHRwOi8vd3d3LnczLm9yZy8yMDAwL3N2ZyI+PC9zdmc+\" data-src=\"https:\/\/puertasmc.com\/wp-content\/uploads\/2024\/06\/furgo_trans-568x320-1.png\" data-srcset=\"https:\/\/puertasmc.com\/wp-content\/uploads\/2024\/06\/furgo_trans-568x320-1.png 586w, https:\/\/puertasmc.com\/wp-content\/uploads\/2024\/06\/furgo_trans-568x320-1-300x164.png 300w, https:\/\/puertasmc.com\/wp-content\/uploads\/2024\/06\/furgo_trans-568x320-1-18x10.png 18w\" data-sizes=\"auto\"><\/div><\/figure>\n<\/div>\n<\/div>\n\n\n\n<h3 class=\"wp-block-heading has-text-align-center has-ast-global-color-0-color has-text-color has-link-color wp-elements-01872c1f43989b4a065aa214740e018c\">Calle llu\u00eds puigjaner, 105<br>olesa de montserrat (barcelona)<\/h3>\n\n\n\n<div class=\"wp-block-columns is-layout-flex wp-container-core-columns-is-layout-28f84493 wp-block-columns-is-layout-flex\">\n<div class=\"wp-block-column is-layout-flow wp-block-column-is-layout-flow\" style=\"flex-basis:25%\"><\/div>\n\n\n\n<div class=\"wp-block-column is-layout-flow wp-block-column-is-layout-flow\" style=\"flex-basis:50%\">\n<h2 class=\"wp-block-heading has-text-align-center blink has-ast-global-color-0-color has-text-color has-link-color wp-elements-71c16adbb6869627e4fa752e2757374b\"><a href=\"mailto:info@puertasmc.com\" target=\"_blank\" rel=\"noreferrer noopener\">info@puertasmc.com<\/a><\/h2>\n<\/div>\n\n\n\n<div class=\"wp-block-column is-layout-flow wp-block-column-is-layout-flow\" style=\"flex-basis:25%\"><\/div>\n<\/div>\n\n\n\n<div style=\"height:100px\" aria-hidden=\"true\" class=\"wp-block-spacer\"><\/div>\n\n\n\n<div class=\"wp-block-columns is-layout-flex wp-container-core-columns-is-layout-28f84493 wp-block-columns-is-layout-flex\">\n<div class=\"wp-block-column is-layout-flow wp-block-column-is-layout-flow\" style=\"flex-basis:20%\">\n<div class=\"wp-block-group is-layout-constrained wp-block-group-is-layout-constrained\"><\/div>\n<\/div>\n\n\n\n<div class=\"wp-block-column has-ast-global-color-1-color has-ast-global-color-3-background-color has-text-color has-background has-link-color has-medium-font-size wp-elements-6db2af2673e89c529c5f0007d830bc67 is-layout-flow wp-container-core-column-is-layout-54dec65b wp-block-column-is-layout-flow\" style=\"padding-top:var(--wp--preset--spacing--20);padding-right:var(--wp--preset--spacing--60);padding-bottom:var(--wp--preset--spacing--20);padding-left:var(--wp--preset--spacing--60);box-shadow:var(--wp--preset--shadow--deep);flex-basis:60%\">\n<h3 class=\"wp-block-heading has-ast-global-color-0-color has-text-color has-link-color wp-elements-760925a967d39fb6ba518f1cbb449ae4\">solicite la informaci\u00f3n que necesite:<br><\/h3>\n\n\n<style id=\"wpforms-css-vars-131\">\n\t\t\t\t#wpforms-131 {\n\t\t\t\t\n\t\t\t}\n\t\t\t<\/style><div class=\"wpforms-container wpforms-container-full wpforms-render-modern\" id=\"wpforms-131\"><form id=\"wpforms-form-131\" class=\"wpforms-validate wpforms-form\" data-formid=\"131\" method=\"post\" enctype=\"multipart\/form-data\" action=\"\/ca\/wp-json\/wp\/v2\/pages\/89\" data-token=\"7fddd63685d7875218006949a5020d4f\" data-token-time=\"1776354887\"><noscript class=\"wpforms-error-noscript\">Activeu el JavaScript al navegador per a poder completar el formulari.<\/noscript><div id=\"wpforms-error-noscript\" style=\"display: none;\">Activeu el JavaScript al navegador per a poder completar el formulari.<\/div><div class=\"wpforms-field-container\"><div id=\"wpforms-131-field_0-container\" class=\"wpforms-field wpforms-field-name\" data-field-id=\"0\"><fieldset><legend class=\"wpforms-field-label\">Su nombre completo <span class=\"wpforms-required-label\" aria-hidden=\"true\">*<\/span><\/legend><div class=\"wpforms-field-row wpforms-field-large\"><div class=\"wpforms-field-row-block wpforms-first wpforms-one-half\"><input type=\"text\" id=\"wpforms-131-field_0\" class=\"wpforms-field-name-first wpforms-field-required\" name=\"wpforms[fields][0][first]\" aria-errormessage=\"wpforms-131-field_0-error\" required><label for=\"wpforms-131-field_0\" class=\"wpforms-field-sublabel after\">Nom<\/label><\/div><div class=\"wpforms-field-row-block wpforms-one-half\"><input type=\"text\" id=\"wpforms-131-field_0-last\" class=\"wpforms-field-name-last wpforms-field-required\" name=\"wpforms[fields][0][last]\" aria-errormessage=\"wpforms-131-field_0-last-error\" required><label for=\"wpforms-131-field_0-last\" class=\"wpforms-field-sublabel after\">Cognoms<\/label><\/div><\/div><\/fieldset><\/div><div id=\"wpforms-131-field_1-container\" class=\"wpforms-field wpforms-field-email\" data-field-id=\"1\"><label class=\"wpforms-field-label\" for=\"wpforms-131-field_1\">Email <span class=\"wpforms-required-label\" aria-hidden=\"true\">*<\/span><\/label><input type=\"email\" id=\"wpforms-131-field_1\" class=\"wpforms-field-large wpforms-field-required\" name=\"wpforms[fields][1]\" spellcheck=\"false\" aria-errormessage=\"wpforms-131-field_1-error\" required><\/div><div id=\"wpforms-131-field_2-container\" class=\"wpforms-field wpforms-field-textarea\" data-field-id=\"2\"><label class=\"wpforms-field-label\" for=\"wpforms-131-field_2\">Cu\u00e9ntenos! <span class=\"wpforms-required-label\" aria-hidden=\"true\">*<\/span><\/label><textarea id=\"wpforms-131-field_2\" class=\"wpforms-field-medium wpforms-field-required\" name=\"wpforms[fields][2]\" aria-errormessage=\"wpforms-131-field_2-error\" required><\/textarea><\/div><\/div><!-- .wpforms-field-container --><div class=\"wpforms-recaptcha-container wpforms-is-hcaptcha\" ><div class=\"h-captcha\" data-sitekey=\"fcad66fd-9b8e-4cd3-8c07-1183ae73834f\"><\/div><input type=\"text\" name=\"g-recaptcha-hidden\" class=\"wpforms-recaptcha-hidden\" style=\"position:absolute!important;clip:rect(0,0,0,0)!important;height:1px!important;width:1px!important;border:0!important;overflow:hidden!important;padding:0!important;margin:0!important;\" data-rule-hcaptcha=\"1\"><\/div><div class=\"wpforms-submit-container\" ><input type=\"hidden\" name=\"wpforms[id]\" value=\"131\"><input type=\"hidden\" name=\"page_title\" value=\"\"><input type=\"hidden\" name=\"page_url\" value=\"https:\/\/puertasmc.com\/ca\/wp-json\/wp\/v2\/pages\/89\"><input type=\"hidden\" name=\"url_referer\" value=\"\"><button type=\"submit\" name=\"wpforms[submit]\" id=\"wpforms-submit-131\" class=\"wpforms-submit\" data-alt-text=\"Enviando...\" data-submit-text=\"Enviar\" aria-live=\"assertive\" value=\"wpforms-submit\">Enviar<\/button><\/div><\/form><\/div>  <!-- .wpforms-container -->\n<\/div>\n\n\n\n<div class=\"wp-block-column is-layout-flow wp-block-column-is-layout-flow\" style=\"flex-basis:20%\"><\/div>\n<\/div>\n\n\n\n<div style=\"height:100px\" aria-hidden=\"true\" class=\"wp-block-spacer\"><\/div>\n<\/div>\n","protected":false},"excerpt":{"rendered":"<p>CONT\u00c1CTENOS! Pida presupuesto sin compromiso con nuestra hoja de medidas Jordi Mu\u00f1oz Campos 639 73 04 79 Josep Mu\u00f1oz Campos 655 68 44 69 Calle llu\u00eds puigjaner, 105olesa de montserrat (barcelona) info@puertasmc.com solicite la informaci\u00f3n que necesite:<\/p>","protected":false},"author":1,"featured_media":0,"parent":0,"menu_order":0,"comment_status":"closed","ping_status":"closed","template":"","meta":{"site-sidebar-layout":"default","site-content-layout":"","ast-site-content-layout":"full-width-container","site-content-style":"default","site-sidebar-style":"default","ast-global-header-display":"","ast-banner-title-visibility":"","ast-main-header-display":"","ast-hfb-above-header-display":"","ast-hfb-below-header-display":"","ast-hfb-mobile-header-display":"","site-post-title":"","ast-breadcrumbs-content":"","ast-featured-img":"","footer-sml-layout":"","theme-transparent-header-meta":"","adv-header-id-meta":"","stick-header-meta":"","header-above-stick-meta":"","header-main-stick-meta":"","header-below-stick-meta":"","astra-migrate-meta-layouts":"set","ast-page-background-enabled":"default","ast-page-background-meta":{"desktop":{"background-color":"","background-image":"","background-repeat":"repeat","background-position":"center center","background-size":"auto","background-attachment":"scroll","background-type":"","background-media":"","overlay-type":"","overlay-color":"","overlay-opacity":"","overlay-gradient":""},"tablet":{"background-color":"","background-image":"","background-repeat":"repeat","background-position":"center center","background-size":"auto","background-attachment":"scroll","background-type":"","background-media":"","overlay-type":"","overlay-color":"","overlay-opacity":"","overlay-gradient":""},"mobile":{"background-color":"","background-image":"","background-repeat":"repeat","background-position":"center center","background-size":"auto","background-attachment":"scroll","background-type":"","background-media":"","overlay-type":"","overlay-color":"","overlay-opacity":"","overlay-gradient":""}},"ast-content-background-meta":{"desktop":{"background-color":"var(--ast-global-color-5)","background-image":"","background-repeat":"repeat","background-position":"center center","background-size":"auto","background-attachment":"scroll","background-type":"","background-media":"","overlay-type":"","overlay-color":"","overlay-opacity":"","overlay-gradient":""},"tablet":{"background-color":"var(--ast-global-color-5)","background-image":"","background-repeat":"repeat","background-position":"center center","background-size":"auto","background-attachment":"scroll","background-type":"","background-media":"","overlay-type":"","overlay-color":"","overlay-opacity":"","overlay-gradient":""},"mobile":{"background-color":"var(--ast-global-color-5)","background-image":"","background-repeat":"repeat","background-position":"center center","background-size":"auto","background-attachment":"scroll","background-type":"","background-media":"","overlay-type":"","overlay-color":"","overlay-opacity":"","overlay-gradient":""}},"_vp_format_video_url":"","_vp_image_focal_point":[],"footnotes":""},"class_list":["post-89","page","type-page","status-publish","hentry"],"_links":{"self":[{"href":"https:\/\/puertasmc.com\/ca\/wp-json\/wp\/v2\/pages\/89","targetHints":{"allow":["GET"]}}],"collection":[{"href":"https:\/\/puertasmc.com\/ca\/wp-json\/wp\/v2\/pages"}],"about":[{"href":"https:\/\/puertasmc.com\/ca\/wp-json\/wp\/v2\/types\/page"}],"author":[{"embeddable":true,"href":"https:\/\/puertasmc.com\/ca\/wp-json\/wp\/v2\/users\/1"}],"replies":[{"embeddable":true,"href":"https:\/\/puertasmc.com\/ca\/wp-json\/wp\/v2\/comments?post=89"}],"version-history":[{"count":44,"href":"https:\/\/puertasmc.com\/ca\/wp-json\/wp\/v2\/pages\/89\/revisions"}],"predecessor-version":[{"id":1786,"href":"https:\/\/puertasmc.com\/ca\/wp-json\/wp\/v2\/pages\/89\/revisions\/1786"}],"wp:attachment":[{"href":"https:\/\/puertasmc.com\/ca\/wp-json\/wp\/v2\/media?parent=89"}],"curies":[{"name":"wp","href":"https:\/\/api.w.org\/{rel}","templated":true}]}}