{"id":92,"date":"2024-03-14T23:43:23","date_gmt":"2024-03-14T22:43:23","guid":{"rendered":"https:\/\/labs.puertasmc.com\/?page_id=92"},"modified":"2024-07-26T00:10:05","modified_gmt":"2024-07-25T22:10:05","slug":"equipo","status":"publish","type":"page","link":"https:\/\/puertasmc.com\/ca\/equipo\/","title":{"rendered":"Equip"},"content":{"rendered":"<div class=\"wp-block-group alignfull is-layout-constrained wp-block-group-is-layout-constrained\">\n<h1 class=\"wp-block-heading has-ast-global-color-0-color has-text-color has-link-color wp-elements-44cd8a43c7b3bd951fb8238897a67f61\">acerca de nosotros<\/h1>\n\n\n\n<div style=\"height:100px\" aria-hidden=\"true\" class=\"wp-block-spacer\"><\/div>\n\n\n\n<div class=\"wp-block-columns has-ast-global-color-0-background-color has-background is-layout-flex wp-container-core-columns-is-layout-c9e217ca wp-block-columns-is-layout-flex\" style=\"margin-top:0;margin-bottom:0;padding-top:var(--wp--preset--spacing--60);padding-right:var(--wp--preset--spacing--40);padding-bottom:var(--wp--preset--spacing--60);padding-left:var(--wp--preset--spacing--40)\">\n<div class=\"wp-block-column is-layout-flow wp-block-column-is-layout-flow\" style=\"flex-basis:50%\">\n<h2 class=\"wp-block-heading has-text-align-center has-xx-large-font-size\" style=\"margin-top:var(--wp--preset--spacing--80);margin-bottom:var(--wp--preset--spacing--80)\">PROYECTO PUERTAS MC<\/h2>\n<\/div>\n\n\n\n<div class=\"wp-block-column is-layout-flow wp-block-column-is-layout-flow\" style=\"flex-basis:50%\">\n<div class=\"wp-block-group wp-container-content-0733e5d0 is-content-justification-right is-layout-constrained wp-container-core-group-is-layout-45527c2d wp-block-group-is-layout-constrained\" style=\"border-style:none;border-width:0px;margin-top:0;margin-bottom:0\">\n<p class=\"has-text-align-left has-medium-font-size\" style=\"margin-top:var(--wp--preset--spacing--40);margin-bottom:var(--wp--preset--spacing--40)\">Con m\u00e1s de 30 a\u00f1os de experiencia en la <strong>fabricaci\u00f3n<\/strong> y el <strong>montaje<\/strong> de puertas met\u00e1licas residenciales e industriales, los <strong>Hermanos Mu\u00f1oz Campos<\/strong> emprendieron un nuevo proyecto empresarial, con el objetivo de dar otra dimensi\u00f3n a su vocaci\u00f3n profesional, aprovechando su <strong>alta cualificaci\u00f3n<\/strong> y esp\u00edritu innovador al servicio del cliente<\/p>\n\n\n\n<p class=\"has-text-align-left has-medium-font-size\" style=\"margin-top:var(--wp--preset--spacing--40);margin-bottom:var(--wp--preset--spacing--40)\">Un proyecto personal, adaptado a nuestra <strong>experiencia y pasi\u00f3n<\/strong>, con la finalidad de buscar la satisfacci\u00f3n de nuestros clientes<\/p>\n\n\n\n<p class=\"has-text-align-left has-medium-font-size\" style=\"margin-top:var(--wp--preset--spacing--40);margin-right:0;margin-bottom:var(--wp--preset--spacing--40);margin-left:0\">Le ofrecemos soluciones en cerramientos residenciales e industriales, de <strong>alta calidad<\/strong>, innovaci\u00f3n y cuidando los m\u00ednimos detalles<\/p>\n<\/div>\n<\/div>\n<\/div>\n\n\n\n<div style=\"height:100px\" aria-hidden=\"true\" class=\"wp-block-spacer\"><\/div>\n\n\n\n<div class=\"wp-block-group alignfull is-layout-constrained wp-container-core-group-is-layout-669513ed wp-block-group-is-layout-constrained\" style=\"margin-top:0;margin-bottom:0;padding-top:var(--wp--preset--spacing--50);padding-right:var(--wp--preset--spacing--50);padding-bottom:var(--wp--preset--spacing--50);padding-left:var(--wp--preset--spacing--50)\">\n<div style=\"height:var(--wp--preset--spacing--30)\" aria-hidden=\"true\" class=\"wp-block-spacer\"><\/div>\n\n\n\n<div class=\"wp-block-columns alignwide is-layout-flex wp-container-core-columns-is-layout-4935966c wp-block-columns-is-layout-flex\" style=\"padding-right:0;padding-left:0\">\n<div class=\"wp-block-column is-layout-flow wp-block-column-is-layout-flow\">\n<figure class=\"wp-block-image aligncenter size-full has-custom-border is-style-default wp-duotone-grayscale\"><noscript><img loading=\"lazy\" decoding=\"async\" width=\"400\" height=\"400\" data-skip-lazy src=\"https:\/\/puertasmc.com\/wp-content\/uploads\/2024\/07\/foto_jordi-bg.png\" alt=\"\" class=\"wp-image-1781\" style=\"border-radius:100px\" srcset=\"https:\/\/puertasmc.com\/wp-content\/uploads\/2024\/07\/foto_jordi-bg.png 400w, https:\/\/puertasmc.com\/wp-content\/uploads\/2024\/07\/foto_jordi-bg-300x300.png 300w, https:\/\/puertasmc.com\/wp-content\/uploads\/2024\/07\/foto_jordi-bg-150x150.png 150w, https:\/\/puertasmc.com\/wp-content\/uploads\/2024\/07\/foto_jordi-bg-12x12.png 12w\" sizes=\"auto, (max-width: 400px) 100vw, 400px\" \/><\/noscript><img loading=\"eager\" decoding=\"async\" width=\"400\" height=\"400\" src=\"https:\/\/puertasmc.com\/wp-content\/uploads\/2024\/07\/foto_jordi-bg.png\" alt class=\"wp-image-1781 vp-lazyload\" style=\"border-radius:100px\" srcset=\"data:image\/svg+xml;base64,PHN2ZyB3aWR0aD0iNDAwIiBoZWlnaHQ9IjQwMCIgdmlld0JveD0iMCAwIDQwMCA0MDAiIGZpbGw9Im5vbmUiIHhtbG5zPSJodHRwOi8vd3d3LnczLm9yZy8yMDAwL3N2ZyI+PC9zdmc+\" data-src=\"https:\/\/puertasmc.com\/wp-content\/uploads\/2024\/07\/foto_jordi-bg.png\" data-srcset=\"https:\/\/puertasmc.com\/wp-content\/uploads\/2024\/07\/foto_jordi-bg.png 400w, https:\/\/puertasmc.com\/wp-content\/uploads\/2024\/07\/foto_jordi-bg-300x300.png 300w, https:\/\/puertasmc.com\/wp-content\/uploads\/2024\/07\/foto_jordi-bg-150x150.png 150w, https:\/\/puertasmc.com\/wp-content\/uploads\/2024\/07\/foto_jordi-bg-12x12.png 12w\" data-sizes=\"auto\"><\/figure>\n\n\n\n<div class=\"wp-block-group has-ast-global-color-0-background-color has-background is-vertical is-content-justification-center is-nowrap is-layout-flex wp-container-core-group-is-layout-f8295c0e wp-block-group-is-layout-flex\" style=\"padding-top:var(--wp--preset--spacing--60);padding-bottom:var(--wp--preset--spacing--60)\">\n<p class=\"has-text-align-center has-large-font-size\"> <strong>Jordi Mu\u00f1oz Campos<\/strong><\/p>\n\n\n\n<div style=\"height:0px\" aria-hidden=\"true\" class=\"wp-block-spacer wp-container-content-16d1eb73\"><\/div>\n\n\n\n<p class=\"has-text-align-center\">C\/ Llu\u00eds Puigjaner, 105<br>08640 Olesa de Montserrat<\/p>\n\n\n\n<div style=\"height:0px\" aria-hidden=\"true\" class=\"wp-block-spacer wp-container-content-16d1eb73\"><\/div>\n\n\n\n<div class=\"wp-block-group alignfull has-accent-3-background-color has-background is-vertical is-content-justification-center is-layout-flex wp-container-core-group-is-layout-ba79fc80 wp-block-group-is-layout-flex\" style=\"min-height:0vh;margin-top:0;margin-bottom:0;padding-top:0;padding-right:var(--wp--preset--spacing--50);padding-bottom:0;padding-left:var(--wp--preset--spacing--50)\">\n<div class=\"wp-block-group is-layout-constrained wp-block-group-is-layout-constrained\">\n<h2 class=\"wp-block-heading has-text-align-center has-contrast-color has-text-color has-link-color has-x-large-font-size wp-elements-d5769fe4be47893f238559a8f61e2b2c\" style=\"margin-right:0;margin-left:0;padding-right:0;padding-left:0\"><a href=\"mailto:info@puertasmc.com\">info@puertasmc.com<\/a><\/h2>\n<\/div>\n<\/div>\n<\/div>\n<\/div>\n\n\n\n<div class=\"wp-block-column is-layout-flow wp-block-column-is-layout-flow\">\n<figure class=\"wp-block-image aligncenter size-full has-custom-border is-style-default wp-duotone-grayscale\"><noscript><img loading=\"lazy\" decoding=\"async\" width=\"400\" height=\"400\" data-skip-lazy src=\"https:\/\/puertasmc.com\/wp-content\/uploads\/2024\/07\/foto_josep-bg.png\" alt=\"\" class=\"wp-image-1779\" style=\"border-style:none;border-width:0px;border-radius:100px\" srcset=\"https:\/\/puertasmc.com\/wp-content\/uploads\/2024\/07\/foto_josep-bg.png 400w, https:\/\/puertasmc.com\/wp-content\/uploads\/2024\/07\/foto_josep-bg-300x300.png 300w, https:\/\/puertasmc.com\/wp-content\/uploads\/2024\/07\/foto_josep-bg-150x150.png 150w, https:\/\/puertasmc.com\/wp-content\/uploads\/2024\/07\/foto_josep-bg-12x12.png 12w\" sizes=\"auto, (max-width: 400px) 100vw, 400px\" \/><\/noscript><img loading=\"eager\" decoding=\"async\" width=\"400\" height=\"400\" src=\"https:\/\/puertasmc.com\/wp-content\/uploads\/2024\/07\/foto_josep-bg.png\" alt class=\"wp-image-1779 vp-lazyload\" style=\"border-style:none;border-width:0px;border-radius:100px\" srcset=\"data:image\/svg+xml;base64,PHN2ZyB3aWR0aD0iNDAwIiBoZWlnaHQ9IjQwMCIgdmlld0JveD0iMCAwIDQwMCA0MDAiIGZpbGw9Im5vbmUiIHhtbG5zPSJodHRwOi8vd3d3LnczLm9yZy8yMDAwL3N2ZyI+PC9zdmc+\" data-src=\"https:\/\/puertasmc.com\/wp-content\/uploads\/2024\/07\/foto_josep-bg.png\" data-srcset=\"https:\/\/puertasmc.com\/wp-content\/uploads\/2024\/07\/foto_josep-bg.png 400w, https:\/\/puertasmc.com\/wp-content\/uploads\/2024\/07\/foto_josep-bg-300x300.png 300w, https:\/\/puertasmc.com\/wp-content\/uploads\/2024\/07\/foto_josep-bg-150x150.png 150w, https:\/\/puertasmc.com\/wp-content\/uploads\/2024\/07\/foto_josep-bg-12x12.png 12w\" data-sizes=\"auto\"><\/figure>\n\n\n\n<div class=\"wp-block-group has-ast-global-color-0-background-color has-background is-vertical is-content-justification-center is-nowrap is-layout-flex wp-container-core-group-is-layout-4918c259 wp-block-group-is-layout-flex\" style=\"padding-top:var(--wp--preset--spacing--60);padding-bottom:var(--wp--preset--spacing--60)\">\n<p class=\"has-text-align-center has-large-font-size\"> <strong>Josep Mu\u00f1oz Campos<\/strong> <\/p>\n\n\n\n<div style=\"height:0px\" aria-hidden=\"true\" class=\"wp-block-spacer wp-container-content-16d1eb73\"><\/div>\n\n\n\n<p class=\"has-text-align-center\">C\/ Llu\u00eds Puigjaner, 105<br>08640 Olesa de Montserrat<\/p>\n\n\n\n<div style=\"height:0px\" aria-hidden=\"true\" class=\"wp-block-spacer wp-container-content-16d1eb73\"><\/div>\n\n\n\n<div class=\"wp-block-group is-layout-constrained wp-block-group-is-layout-constrained\">\n<h2 class=\"wp-block-heading has-text-align-center has-contrast-color has-text-color has-link-color has-x-large-font-size wp-elements-d5769fe4be47893f238559a8f61e2b2c\" style=\"margin-right:0;margin-left:0;padding-right:0;padding-left:0\"><a href=\"mailto:info@puertasmc.com\">info@puertasmc.com<\/a><\/h2>\n<\/div>\n<\/div>\n<\/div>\n<\/div>\n<\/div>\n\n\n\n<div style=\"height:100px\" aria-hidden=\"true\" class=\"wp-block-spacer\"><\/div>\n\n\n\n<div class=\"wp-block-columns has-ast-global-color-0-background-color has-background is-layout-flex wp-container-core-columns-is-layout-c9e217ca wp-block-columns-is-layout-flex\" style=\"margin-top:0;margin-bottom:0;padding-top:var(--wp--preset--spacing--60);padding-right:var(--wp--preset--spacing--40);padding-bottom:var(--wp--preset--spacing--60);padding-left:var(--wp--preset--spacing--40)\">\n<div class=\"wp-block-column is-layout-flow wp-block-column-is-layout-flow\" style=\"flex-basis:50%\">\n<h2 class=\"wp-block-heading has-text-align-center has-xx-large-font-size\" style=\"margin-top:var(--wp--preset--spacing--80);margin-bottom:var(--wp--preset--spacing--80)\">nuestro compromiso<\/h2>\n<\/div>\n\n\n\n<div class=\"wp-block-column is-layout-flow wp-block-column-is-layout-flow\" style=\"flex-basis:50%\">\n<p class=\"has-text-align-left has-medium-font-size\" style=\"margin-top:var(--wp--preset--spacing--40);margin-bottom:var(--wp--preset--spacing--40)\">Le garantizamos un <strong>asesoramiento directo<\/strong>, personalizado y profesional a nivel comercial y t\u00e9cnico, en todo el proceso, desde su concepci\u00f3n hasta su ejecuci\u00f3n y por supuesto en la <strong>postventa<\/strong>.<\/p>\n\n\n\n<p class=\"has-text-align-left has-medium-font-size\" style=\"margin-top:var(--wp--preset--spacing--40);margin-bottom:var(--wp--preset--spacing--40)\">Nos comprometemos a convertir su ilusi\u00f3n por su nueva puerta de garaje o proyecto residencial en algo duradero y satisfactorio o cumplir con los altos requisitos t\u00e9cnicos y de calidad de nuestros <strong>clientes profesionales<\/strong>.<\/p>\n<\/div>\n<\/div>\n\n\n\n<div style=\"height:100px\" aria-hidden=\"true\" class=\"wp-block-spacer\"><\/div>\n\n\n\n<div class=\"wp-block-columns has-ast-global-color-0-background-color has-background is-layout-flex wp-container-core-columns-is-layout-c9e217ca wp-block-columns-is-layout-flex\" style=\"margin-top:0;margin-bottom:0;padding-top:var(--wp--preset--spacing--60);padding-right:var(--wp--preset--spacing--40);padding-bottom:var(--wp--preset--spacing--60);padding-left:var(--wp--preset--spacing--40)\">\n<div class=\"wp-block-column is-layout-flow wp-block-column-is-layout-flow\" style=\"flex-basis:50%\">\n<h2 class=\"wp-block-heading has-text-align-center has-xx-large-font-size\" style=\"margin-top:var(--wp--preset--spacing--80);margin-bottom:var(--wp--preset--spacing--80)\">SU PROYECTO PERSONAL<\/h2>\n<\/div>\n\n\n\n<div class=\"wp-block-column is-layout-flow wp-block-column-is-layout-flow\" style=\"flex-basis:50%\">\n<p class=\"has-text-align-left has-medium-font-size\" style=\"margin-top:var(--wp--preset--spacing--40);margin-bottom:var(--wp--preset--spacing--40)\">Cada cliente es \u00fanico, por lo que ofrecemos soluciones <strong>altamente personalizadas<\/strong>, atendiendo a sus gustos y necesidades<\/p>\n<\/div>\n<\/div>\n\n\n\n<div style=\"height:100px\" aria-hidden=\"true\" class=\"wp-block-spacer\"><\/div>\n\n\n\n<div class=\"wp-block-columns has-ast-global-color-0-background-color has-background is-layout-flex wp-container-core-columns-is-layout-c9e217ca wp-block-columns-is-layout-flex\" style=\"margin-top:0;margin-bottom:0;padding-top:var(--wp--preset--spacing--60);padding-right:var(--wp--preset--spacing--40);padding-bottom:var(--wp--preset--spacing--60);padding-left:var(--wp--preset--spacing--40)\">\n<div class=\"wp-block-column is-layout-flow wp-block-column-is-layout-flow\" style=\"flex-basis:50%\">\n<h2 class=\"wp-block-heading has-text-align-center has-xx-large-font-size\" style=\"margin-top:var(--wp--preset--spacing--80);margin-bottom:var(--wp--preset--spacing--80)\">CONFIANZA<\/h2>\n<\/div>\n\n\n\n<div class=\"wp-block-column is-layout-flow wp-block-column-is-layout-flow\" style=\"flex-basis:50%\">\n<p class=\"has-text-align-left has-medium-font-size\" style=\"margin-top:var(--wp--preset--spacing--40);margin-bottom:var(--wp--preset--spacing--40)\">La seguridad es una de nuestras prioridades, por eso solo le ofrecemos productos que cumplen las <strong>normativas vigentes<\/strong> actuales proporcion\u00e1ndoles la tranquilidad y seguridad que necesitan<\/p>\n<\/div>\n<\/div>\n\n\n\n<div style=\"height:100px\" aria-hidden=\"true\" class=\"wp-block-spacer\"><\/div>\n\n\n\n<div class=\"wp-block-columns has-ast-global-color-0-background-color has-background is-layout-flex wp-container-core-columns-is-layout-c9e217ca wp-block-columns-is-layout-flex\" style=\"margin-top:0;margin-bottom:0;padding-top:var(--wp--preset--spacing--60);padding-right:var(--wp--preset--spacing--40);padding-bottom:var(--wp--preset--spacing--60);padding-left:var(--wp--preset--spacing--40)\">\n<div class=\"wp-block-column is-layout-flow wp-block-column-is-layout-flow\" style=\"flex-basis:50%\">\n<h2 class=\"wp-block-heading has-text-align-center has-xx-large-font-size\" style=\"margin-top:var(--wp--preset--spacing--80);margin-bottom:var(--wp--preset--spacing--80)\">QU\u00c9 LE PODEMOS OFRECER<\/h2>\n<\/div>\n\n\n\n<div class=\"wp-block-column is-layout-flow wp-block-column-is-layout-flow\" style=\"flex-basis:50%\">\n<p class=\"has-medium-font-size\" style=\"margin-top:var(--wp--preset--spacing--40);margin-bottom:var(--wp--preset--spacing--40)\"><strong>Instalaci\u00f3n para su vivienda<\/strong> de puertas, automatismos y soluciones en cerramientos, con una gama amplia de productos, con diversidad est\u00e9tica, t\u00e9cnica y acabados en el montaje de alta calidad<\/p>\n\n\n\n<p class=\"has-medium-font-size\" style=\"margin-top:var(--wp--preset--spacing--40);margin-bottom:var(--wp--preset--spacing--40)\">Soluciones en <strong>cerramientos industriales<\/strong> (basculantes, guillotinas, correderas, cancelas, seccionales&#8230;) con medios de montaje a nivel industrial y cumpliendo los requisitos establecidos por la legislaci\u00f3n en materia de profesionalizaci\u00f3n y seguridad en obra. Conf\u00ede en nosotros con la <strong>CAE<\/strong> en su obra<\/p>\n\n\n\n<p class=\"has-medium-font-size\" style=\"margin-top:var(--wp--preset--spacing--40);margin-bottom:var(--wp--preset--spacing--40)\">Podemos ofrecerles otras soluciones como puertas r\u00e1pidas, muelles de carga, y soluciones en <strong>cerramientos cortafuegos homologados<\/strong>, puertas de cristal y de aluminio<\/p>\n\n\n\n<p class=\"has-medium-font-size\" style=\"margin-top:var(--wp--preset--spacing--40);margin-bottom:var(--wp--preset--spacing--40)\">Adecuaci\u00f3n de puertas en uso a las normativas actuales en <strong>marcado CE<\/strong><\/p>\n\n\n\n<p class=\"has-medium-font-size\" style=\"margin-top:var(--wp--preset--spacing--40);margin-bottom:var(--wp--preset--spacing--40)\">Sin olvidarnos de <strong>soluciones tecnol\u00f3gicas<\/strong> y vanguardistas para su nueva puerta de garaje, para su mayor comodidad y seguridad. Sistemas de <strong>apertura inteligente<\/strong> controlados por <strong>aplicaciones m\u00f3viles<\/strong> y tecnolog\u00edas de <strong>seguridad avanzadas<\/strong><\/p>\n<\/div>\n<\/div>\n\n\n\n<p><\/p>\n<\/div>","protected":false},"excerpt":{"rendered":"<p>acerca de nosotros PROYECTO PUERTAS MC Con m\u00e1s de 30 a\u00f1os de experiencia en la fabricaci\u00f3n y el montaje de puertas met\u00e1licas residenciales e industriales, los Hermanos Mu\u00f1oz Campos emprendieron un nuevo proyecto empresarial, con el objetivo de dar otra dimensi\u00f3n a su vocaci\u00f3n profesional, aprovechando su alta cualificaci\u00f3n y esp\u00edritu innovador al servicio del [&hellip;]<\/p>\n","protected":false},"author":1,"featured_media":0,"parent":0,"menu_order":0,"comment_status":"closed","ping_status":"closed","template":"","meta":{"site-sidebar-layout":"default","site-content-layout":"","ast-site-content-layout":"full-width-container","site-content-style":"default","site-sidebar-style":"default","ast-global-header-display":"","ast-banner-title-visibility":"","ast-main-header-display":"","ast-hfb-above-header-display":"","ast-hfb-below-header-display":"","ast-hfb-mobile-header-display":"","site-post-title":"","ast-breadcrumbs-content":"","ast-featured-img":"","footer-sml-layout":"","theme-transparent-header-meta":"","adv-header-id-meta":"","stick-header-meta":"","header-above-stick-meta":"","header-main-stick-meta":"","header-below-stick-meta":"","astra-migrate-meta-layouts":"set","ast-page-background-enabled":"default","ast-page-background-meta":{"desktop":{"background-color":"","background-image":"","background-repeat":"repeat","background-position":"center center","background-size":"auto","background-attachment":"scroll","background-type":"","background-media":"","overlay-type":"","overlay-color":"","overlay-opacity":"","overlay-gradient":""},"tablet":{"background-color":"","background-image":"","background-repeat":"repeat","background-position":"center center","background-size":"auto","background-attachment":"scroll","background-type":"","background-media":"","overlay-type":"","overlay-color":"","overlay-opacity":"","overlay-gradient":""},"mobile":{"background-color":"","background-image":"","background-repeat":"repeat","background-position":"center center","background-size":"auto","background-attachment":"scroll","background-type":"","background-media":"","overlay-type":"","overlay-color":"","overlay-opacity":"","overlay-gradient":""}},"ast-content-background-meta":{"desktop":{"background-color":"var(--ast-global-color-5)","background-image":"","background-repeat":"repeat","background-position":"center center","background-size":"auto","background-attachment":"scroll","background-type":"","background-media":"","overlay-type":"","overlay-color":"","overlay-opacity":"","overlay-gradient":""},"tablet":{"background-color":"var(--ast-global-color-5)","background-image":"","background-repeat":"repeat","background-position":"center center","background-size":"auto","background-attachment":"scroll","background-type":"","background-media":"","overlay-type":"","overlay-color":"","overlay-opacity":"","overlay-gradient":""},"mobile":{"background-color":"var(--ast-global-color-5)","background-image":"","background-repeat":"repeat","background-position":"center center","background-size":"auto","background-attachment":"scroll","background-type":"","background-media":"","overlay-type":"","overlay-color":"","overlay-opacity":"","overlay-gradient":""}},"_vp_format_video_url":"","_vp_image_focal_point":[],"footnotes":""},"class_list":["post-92","page","type-page","status-publish","hentry"],"_links":{"self":[{"href":"https:\/\/puertasmc.com\/ca\/wp-json\/wp\/v2\/pages\/92","targetHints":{"allow":["GET"]}}],"collection":[{"href":"https:\/\/puertasmc.com\/ca\/wp-json\/wp\/v2\/pages"}],"about":[{"href":"https:\/\/puertasmc.com\/ca\/wp-json\/wp\/v2\/types\/page"}],"author":[{"embeddable":true,"href":"https:\/\/puertasmc.com\/ca\/wp-json\/wp\/v2\/users\/1"}],"replies":[{"embeddable":true,"href":"https:\/\/puertasmc.com\/ca\/wp-json\/wp\/v2\/comments?post=92"}],"version-history":[{"count":16,"href":"https:\/\/puertasmc.com\/ca\/wp-json\/wp\/v2\/pages\/92\/revisions"}],"predecessor-version":[{"id":1804,"href":"https:\/\/puertasmc.com\/ca\/wp-json\/wp\/v2\/pages\/92\/revisions\/1804"}],"wp:attachment":[{"href":"https:\/\/puertasmc.com\/ca\/wp-json\/wp\/v2\/media?parent=92"}],"curies":[{"name":"wp","href":"https:\/\/api.w.org\/{rel}","templated":true}]}}