{"id":1317,"date":"2024-05-21T08:56:55","date_gmt":"2024-05-21T06:56:55","guid":{"rendered":"https:\/\/labs.puertasmc.com\/?page_id=1317"},"modified":"2024-08-07T12:44:18","modified_gmt":"2024-08-07T10:44:18","slug":"puertas-basculantes","status":"publish","type":"page","link":"https:\/\/puertasmc.com\/es\/productos\/puertas-basculantes\/","title":{"rendered":"Basculantes"},"content":{"rendered":"\n<div class=\"wp-block-group alignwide is-layout-constrained wp-block-group-is-layout-constrained\">\n<h1 class=\"wp-block-heading alignwide has-ast-global-color-0-color has-text-color has-link-color has-xx-large-font-size wp-elements-ec6bbcde35279403caddd7f8bbff50ab\">PUERTAS de garaje residenciales<\/h1>\n<\/div>\n\n\n\n<div class=\"wp-block-cover\"><span aria-hidden=\"true\" class=\"wp-block-cover__background has-ast-global-color-8-background-color has-background-dim\"><\/span><noscript><img loading=\"lazy\" decoding=\"async\" width=\"1600\" height=\"1200\" class=\"wp-block-cover__image-background wp-image-1321\" alt=\"\" data-skip-lazy src=\"https:\/\/puertasmc.com\/wp-content\/uploads\/2024\/05\/basculante-2.jpeg\" style=\"object-position:56% 15%\" data-object-fit=\"cover\" data-object-position=\"56% 15%\" srcset=\"https:\/\/puertasmc.com\/wp-content\/uploads\/2024\/05\/basculante-2.jpeg 1600w, https:\/\/puertasmc.com\/wp-content\/uploads\/2024\/05\/basculante-2-300x225.jpeg 300w, https:\/\/puertasmc.com\/wp-content\/uploads\/2024\/05\/basculante-2-1024x768.jpeg 1024w, https:\/\/puertasmc.com\/wp-content\/uploads\/2024\/05\/basculante-2-768x576.jpeg 768w, https:\/\/puertasmc.com\/wp-content\/uploads\/2024\/05\/basculante-2-1536x1152.jpeg 1536w, https:\/\/puertasmc.com\/wp-content\/uploads\/2024\/05\/basculante-2-16x12.jpeg 16w\" sizes=\"auto, (max-width: 1600px) 100vw, 1600px\" \/><\/noscript><img loading=\"eager\" decoding=\"async\" width=\"1600\" height=\"1200\" class=\"wp-block-cover__image-background wp-image-1321 vp-lazyload\" alt src=\"https:\/\/puertasmc.com\/wp-content\/uploads\/2024\/05\/basculante-2.jpeg\" style=\"object-position:56% 15%\" data-object-fit=\"cover\" data-object-position=\"56% 15%\" srcset=\"data:image\/svg+xml;base64,PHN2ZyB3aWR0aD0iMTYwMCIgaGVpZ2h0PSIxMjAwIiB2aWV3Qm94PSIwIDAgMTYwMCAxMjAwIiBmaWxsPSJub25lIiB4bWxucz0iaHR0cDovL3d3dy53My5vcmcvMjAwMC9zdmciPjwvc3ZnPg==\" data-src=\"https:\/\/puertasmc.com\/wp-content\/uploads\/2024\/05\/basculante-2.jpeg\" data-srcset=\"https:\/\/puertasmc.com\/wp-content\/uploads\/2024\/05\/basculante-2.jpeg 1600w, https:\/\/puertasmc.com\/wp-content\/uploads\/2024\/05\/basculante-2-300x225.jpeg 300w, https:\/\/puertasmc.com\/wp-content\/uploads\/2024\/05\/basculante-2-1024x768.jpeg 1024w, https:\/\/puertasmc.com\/wp-content\/uploads\/2024\/05\/basculante-2-768x576.jpeg 768w, https:\/\/puertasmc.com\/wp-content\/uploads\/2024\/05\/basculante-2-1536x1152.jpeg 1536w, https:\/\/puertasmc.com\/wp-content\/uploads\/2024\/05\/basculante-2-16x12.jpeg 16w\" data-sizes=\"auto\"><div class=\"wp-block-cover__inner-container is-layout-constrained wp-block-cover-is-layout-constrained\">\n<h2 class=\"wp-block-heading has-text-align-center\">PUERTAS BASCULANTES<\/h2>\n\n\n\n<div class=\"wp-block-columns is-layout-flex wp-container-core-columns-is-layout-28f84493 wp-block-columns-is-layout-flex\">\n<div class=\"wp-block-column is-layout-flow wp-block-column-is-layout-flow\" style=\"flex-basis:33.33%\"><\/div>\n\n\n\n<div class=\"wp-block-column is-layout-flow wp-block-column-is-layout-flow\" style=\"flex-basis:66.66%\">\n<p class=\"has-medium-font-size\"><strong>Puertas basculantes en 2 hojas equilibrada con contrapesos. Com\u00fan y vers\u00e1til en cerramientos de todo tipo, con alta fiabilidad, y hoy en d\u00eda con una amplia gama de acabados est\u00e9ticos dirigido para el cliente residencial m\u00e1s exigente. Pr\u00e1cticas en su uso, reparaciones y mantenimiento<\/strong><\/p>\n\n\n\n<p class=\"has-medium-font-size\"><strong>Preparadas para un alto ciclo de maniobras, ideales para comunidades<\/strong><\/p>\n<\/div>\n<\/div>\n<\/div><\/div>\n\n\n\n<div class=\"wp-block-columns is-layout-flex wp-container-core-columns-is-layout-28f84493 wp-block-columns-is-layout-flex\">\n<div class=\"wp-block-column is-layout-constrained wp-block-column-is-layout-constrained\"><\/div>\n\n\n\n<div class=\"wp-block-column is-layout-flow wp-block-column-is-layout-flow\">\n<figure class=\"wp-block-image aligncenter size-full is-resized\"><a href=\"https:\/\/puertasroper.com\" target=\"_blank\" rel=\"noreferrer noopener\"><noscript><img loading=\"lazy\" decoding=\"async\" width=\"115\" height=\"106\" data-skip-lazy src=\"https:\/\/puertasmc.com\/wp-content\/uploads\/2024\/03\/logoRoper.png\" alt=\"Roper\" class=\"wp-image-834\" style=\"width:165px;height:auto\"\/><\/noscript><img loading=\"eager\" decoding=\"async\" width=\"115\" height=\"106\" src=\"data:image\/svg+xml;base64,PHN2ZyB3aWR0aD0iMTE1IiBoZWlnaHQ9IjEwNiIgdmlld0JveD0iMCAwIDExNSAxMDYiIGZpbGw9Im5vbmUiIHhtbG5zPSJodHRwOi8vd3d3LnczLm9yZy8yMDAwL3N2ZyI+PC9zdmc+\" alt=\"Roper\" class=\"wp-image-834 vp-lazyload\" style=\"width:165px;height:auto\" data-src=\"https:\/\/puertasmc.com\/wp-content\/uploads\/2024\/03\/logoRoper.png\" data-sizes=\"auto\"><\/a><\/figure>\n<\/div>\n\n\n\n<div class=\"wp-block-column is-layout-flow wp-block-column-is-layout-flow\"><\/div>\n<\/div>\n\n\n\n<div class=\"wp-block-group is-layout-constrained wp-block-group-is-layout-constrained\"><div class=\"wp-block-visual-portfolio alignwide\">\n<div class=\"vp-portfolio vp-uid-e28535db vp-id-1GqbcV\"\n\tdata-vp-layout=\"masonry\" data-vp-content-source=\"images\" data-vp-items-style=\"default\" data-vp-items-click-action=\"popup_gallery\" data-vp-items-gap=\"15\" data-vp-items-gap-vertical=\"\" data-vp-pagination=\"load-more\" data-vp-next-page-url=\"\" data-vp-masonry-columns=\"5\" >\n\t<div class=\"vp-portfolio__preloader-wrap\">\n\t\t<div class=\"vp-portfolio__preloader\">\n\t\t\t<img decoding=\"async\" loading=\"eager\" src=\"https:\/\/puertasmc.com\/wp-content\/plugins\/visual-portfolio\/assets\/images\/logo-dark.svg\" alt=\"Visual Portfolio, Posts &amp; Image Gallery para WordPress\" width=\"20\" height=\"20\" data-skip-lazy>\n\t\t<\/div>\n\t<\/div>\n\t\t<div class=\"vp-portfolio__items-wrap\">\n\t\t\t\n<div class=\"vp-portfolio__items vp-portfolio__items-style-default vp-portfolio__items-show-overlay-hover\">\n\n\t\t<div\t\tclass=\"vp-portfolio__item-wrap vp-portfolio__item-uid-1720db61\" data-vp-filter=\"\" \t\t>\n\t\t\t<template class=\"vp-portfolio__item-popup\" data-vp-popup-img=\"https:\/\/puertasmc.com\/wp-content\/uploads\/2024\/06\/WhatsApp-Image-2020-03-05-at-22.02.07.jpeg\" data-vp-popup-img-srcset=\"https:\/\/puertasmc.com\/wp-content\/uploads\/2024\/06\/WhatsApp-Image-2020-03-05-at-22.02.07.jpeg 1600w, https:\/\/puertasmc.com\/wp-content\/uploads\/2024\/06\/WhatsApp-Image-2020-03-05-at-22.02.07-300x225.jpeg 300w, https:\/\/puertasmc.com\/wp-content\/uploads\/2024\/06\/WhatsApp-Image-2020-03-05-at-22.02.07-1024x768.jpeg 1024w, https:\/\/puertasmc.com\/wp-content\/uploads\/2024\/06\/WhatsApp-Image-2020-03-05-at-22.02.07-768x576.jpeg 768w, https:\/\/puertasmc.com\/wp-content\/uploads\/2024\/06\/WhatsApp-Image-2020-03-05-at-22.02.07-1536x1152.jpeg 1536w, https:\/\/puertasmc.com\/wp-content\/uploads\/2024\/06\/WhatsApp-Image-2020-03-05-at-22.02.07-16x12.jpeg 16w\" data-vp-popup-img-size=\"1600x1200\" data-vp-popup-md-img=\"https:\/\/puertasmc.com\/wp-content\/uploads\/2024\/06\/WhatsApp-Image-2020-03-05-at-22.02.07.jpeg\" data-vp-popup-md-img-size=\"800x600\" data-vp-popup-sm-img=\"https:\/\/puertasmc.com\/wp-content\/uploads\/2024\/06\/WhatsApp-Image-2020-03-05-at-22.02.07.jpeg\" data-vp-popup-sm-img-size=\"500x375\">\n\t<\/template>\n\t\t\t\t\t\t<figure class=\"vp-portfolio__item\">\n\t\t\t\t\n<div class=\"vp-portfolio__item-img-wrap\">\n\t<div class=\"vp-portfolio__item-img\">\n\t\t\t<a\n\t\thref=\"https:\/\/puertasmc.com\/wp-content\/uploads\/2024\/06\/WhatsApp-Image-2020-03-05-at-22.02.07.jpeg\"\n\t\t\t>\n\t\n\t\t<noscript><img loading=\"lazy\" decoding=\"async\" width=\"1280\" height=\"960\" data-skip-lazy src=\"https:\/\/puertasmc.com\/wp-content\/uploads\/2024\/06\/WhatsApp-Image-2020-03-05-at-22.02.07.jpeg\" class=\"wp-image-1533\" alt=\"\" srcset=\"https:\/\/puertasmc.com\/wp-content\/uploads\/2024\/06\/WhatsApp-Image-2020-03-05-at-22.02.07.jpeg 1600w, https:\/\/puertasmc.com\/wp-content\/uploads\/2024\/06\/WhatsApp-Image-2020-03-05-at-22.02.07-300x225.jpeg 300w, https:\/\/puertasmc.com\/wp-content\/uploads\/2024\/06\/WhatsApp-Image-2020-03-05-at-22.02.07-1024x768.jpeg 1024w, https:\/\/puertasmc.com\/wp-content\/uploads\/2024\/06\/WhatsApp-Image-2020-03-05-at-22.02.07-768x576.jpeg 768w, https:\/\/puertasmc.com\/wp-content\/uploads\/2024\/06\/WhatsApp-Image-2020-03-05-at-22.02.07-1536x1152.jpeg 1536w, https:\/\/puertasmc.com\/wp-content\/uploads\/2024\/06\/WhatsApp-Image-2020-03-05-at-22.02.07-16x12.jpeg 16w\" sizes=\"auto, (max-width: 1280px) 100vw, 1280px\" \/><\/noscript><img fetchpriority=\"high\" decoding=\"async\" width=\"1280\" height=\"960\" src=\"https:\/\/puertasmc.com\/wp-content\/uploads\/2024\/06\/WhatsApp-Image-2020-03-05-at-22.02.07.jpeg\" class=\"wp-image-1533 vp-lazyload\" alt srcset=\"data:image\/svg+xml;base64,PHN2ZyB3aWR0aD0iMTI4MCIgaGVpZ2h0PSI5NjAiIHZpZXdCb3g9IjAgMCAxMjgwIDk2MCIgZmlsbD0ibm9uZSIgeG1sbnM9Imh0dHA6Ly93d3cudzMub3JnLzIwMDAvc3ZnIj48L3N2Zz4=\" data-src=\"https:\/\/puertasmc.com\/wp-content\/uploads\/2024\/06\/WhatsApp-Image-2020-03-05-at-22.02.07.jpeg\" data-srcset=\"https:\/\/puertasmc.com\/wp-content\/uploads\/2024\/06\/WhatsApp-Image-2020-03-05-at-22.02.07.jpeg 1600w, https:\/\/puertasmc.com\/wp-content\/uploads\/2024\/06\/WhatsApp-Image-2020-03-05-at-22.02.07-300x225.jpeg 300w, https:\/\/puertasmc.com\/wp-content\/uploads\/2024\/06\/WhatsApp-Image-2020-03-05-at-22.02.07-1024x768.jpeg 1024w, https:\/\/puertasmc.com\/wp-content\/uploads\/2024\/06\/WhatsApp-Image-2020-03-05-at-22.02.07-768x576.jpeg 768w, https:\/\/puertasmc.com\/wp-content\/uploads\/2024\/06\/WhatsApp-Image-2020-03-05-at-22.02.07-1536x1152.jpeg 1536w, https:\/\/puertasmc.com\/wp-content\/uploads\/2024\/06\/WhatsApp-Image-2020-03-05-at-22.02.07-16x12.jpeg 16w\" data-sizes=\"auto\" loading=\"eager\">\n\t\t<div class=\"vp-portfolio__item-overlay\">\n\t\t\t\t\t<\/div>\n\n\t\t<\/a>\t<\/div>\n<\/div>\n\n\t\t\t<\/figure>\n\t\t\t\t\t<\/div>\n\t\t\n\t\t<div\t\tclass=\"vp-portfolio__item-wrap vp-portfolio__item-uid-5d47c247\" data-vp-filter=\"\" \t\t>\n\t\t\t<template class=\"vp-portfolio__item-popup\" data-vp-popup-img=\"https:\/\/puertasmc.com\/wp-content\/uploads\/2024\/06\/WhatsApp-Image-2020-03-05-at-22.02.06-1.jpeg\" data-vp-popup-img-srcset=\"https:\/\/puertasmc.com\/wp-content\/uploads\/2024\/06\/WhatsApp-Image-2020-03-05-at-22.02.06-1.jpeg 1600w, https:\/\/puertasmc.com\/wp-content\/uploads\/2024\/06\/WhatsApp-Image-2020-03-05-at-22.02.06-1-300x225.jpeg 300w, https:\/\/puertasmc.com\/wp-content\/uploads\/2024\/06\/WhatsApp-Image-2020-03-05-at-22.02.06-1-1024x768.jpeg 1024w, https:\/\/puertasmc.com\/wp-content\/uploads\/2024\/06\/WhatsApp-Image-2020-03-05-at-22.02.06-1-768x576.jpeg 768w, https:\/\/puertasmc.com\/wp-content\/uploads\/2024\/06\/WhatsApp-Image-2020-03-05-at-22.02.06-1-1536x1152.jpeg 1536w, https:\/\/puertasmc.com\/wp-content\/uploads\/2024\/06\/WhatsApp-Image-2020-03-05-at-22.02.06-1-16x12.jpeg 16w\" data-vp-popup-img-size=\"1600x1200\" data-vp-popup-md-img=\"https:\/\/puertasmc.com\/wp-content\/uploads\/2024\/06\/WhatsApp-Image-2020-03-05-at-22.02.06-1.jpeg\" data-vp-popup-md-img-size=\"800x600\" data-vp-popup-sm-img=\"https:\/\/puertasmc.com\/wp-content\/uploads\/2024\/06\/WhatsApp-Image-2020-03-05-at-22.02.06-1.jpeg\" data-vp-popup-sm-img-size=\"500x375\">\n\t<\/template>\n\t\t\t\t\t\t<figure class=\"vp-portfolio__item\">\n\t\t\t\t\n<div class=\"vp-portfolio__item-img-wrap\">\n\t<div class=\"vp-portfolio__item-img\">\n\t\t\t<a\n\t\thref=\"https:\/\/puertasmc.com\/wp-content\/uploads\/2024\/06\/WhatsApp-Image-2020-03-05-at-22.02.06-1.jpeg\"\n\t\t\t>\n\t\n\t\t<noscript><img loading=\"lazy\" decoding=\"async\" width=\"1280\" height=\"960\" data-skip-lazy src=\"https:\/\/puertasmc.com\/wp-content\/uploads\/2024\/06\/WhatsApp-Image-2020-03-05-at-22.02.06-1.jpeg\" class=\"wp-image-1532\" alt=\"\" srcset=\"https:\/\/puertasmc.com\/wp-content\/uploads\/2024\/06\/WhatsApp-Image-2020-03-05-at-22.02.06-1.jpeg 1600w, https:\/\/puertasmc.com\/wp-content\/uploads\/2024\/06\/WhatsApp-Image-2020-03-05-at-22.02.06-1-300x225.jpeg 300w, https:\/\/puertasmc.com\/wp-content\/uploads\/2024\/06\/WhatsApp-Image-2020-03-05-at-22.02.06-1-1024x768.jpeg 1024w, https:\/\/puertasmc.com\/wp-content\/uploads\/2024\/06\/WhatsApp-Image-2020-03-05-at-22.02.06-1-768x576.jpeg 768w, https:\/\/puertasmc.com\/wp-content\/uploads\/2024\/06\/WhatsApp-Image-2020-03-05-at-22.02.06-1-1536x1152.jpeg 1536w, https:\/\/puertasmc.com\/wp-content\/uploads\/2024\/06\/WhatsApp-Image-2020-03-05-at-22.02.06-1-16x12.jpeg 16w\" sizes=\"auto, (max-width: 1280px) 100vw, 1280px\" \/><\/noscript><img decoding=\"async\" width=\"1280\" height=\"960\" src=\"https:\/\/puertasmc.com\/wp-content\/uploads\/2024\/06\/WhatsApp-Image-2020-03-05-at-22.02.06-1.jpeg\" class=\"wp-image-1532 vp-lazyload\" alt srcset=\"data:image\/svg+xml;base64,PHN2ZyB3aWR0aD0iMTI4MCIgaGVpZ2h0PSI5NjAiIHZpZXdCb3g9IjAgMCAxMjgwIDk2MCIgZmlsbD0ibm9uZSIgeG1sbnM9Imh0dHA6Ly93d3cudzMub3JnLzIwMDAvc3ZnIj48L3N2Zz4=\" data-src=\"https:\/\/puertasmc.com\/wp-content\/uploads\/2024\/06\/WhatsApp-Image-2020-03-05-at-22.02.06-1.jpeg\" data-srcset=\"https:\/\/puertasmc.com\/wp-content\/uploads\/2024\/06\/WhatsApp-Image-2020-03-05-at-22.02.06-1.jpeg 1600w, https:\/\/puertasmc.com\/wp-content\/uploads\/2024\/06\/WhatsApp-Image-2020-03-05-at-22.02.06-1-300x225.jpeg 300w, https:\/\/puertasmc.com\/wp-content\/uploads\/2024\/06\/WhatsApp-Image-2020-03-05-at-22.02.06-1-1024x768.jpeg 1024w, https:\/\/puertasmc.com\/wp-content\/uploads\/2024\/06\/WhatsApp-Image-2020-03-05-at-22.02.06-1-768x576.jpeg 768w, https:\/\/puertasmc.com\/wp-content\/uploads\/2024\/06\/WhatsApp-Image-2020-03-05-at-22.02.06-1-1536x1152.jpeg 1536w, https:\/\/puertasmc.com\/wp-content\/uploads\/2024\/06\/WhatsApp-Image-2020-03-05-at-22.02.06-1-16x12.jpeg 16w\" data-sizes=\"auto\" loading=\"eager\">\n\t\t<div class=\"vp-portfolio__item-overlay\">\n\t\t\t\t\t<\/div>\n\n\t\t<\/a>\t<\/div>\n<\/div>\n\n\t\t\t<\/figure>\n\t\t\t\t\t<\/div>\n\t\t\n\t\t<div\t\tclass=\"vp-portfolio__item-wrap vp-portfolio__item-uid-83eee92d\" data-vp-filter=\"\" \t\t>\n\t\t\t<template class=\"vp-portfolio__item-popup\" data-vp-popup-img=\"https:\/\/puertasmc.com\/wp-content\/uploads\/2024\/06\/IMG-20210722-WA0001.jpg\" data-vp-popup-img-srcset=\"https:\/\/puertasmc.com\/wp-content\/uploads\/2024\/06\/IMG-20210722-WA0001.jpg 2016w, https:\/\/puertasmc.com\/wp-content\/uploads\/2024\/06\/IMG-20210722-WA0001-300x135.jpg 300w, https:\/\/puertasmc.com\/wp-content\/uploads\/2024\/06\/IMG-20210722-WA0001-1024x461.jpg 1024w, https:\/\/puertasmc.com\/wp-content\/uploads\/2024\/06\/IMG-20210722-WA0001-768x346.jpg 768w, https:\/\/puertasmc.com\/wp-content\/uploads\/2024\/06\/IMG-20210722-WA0001-1536x692.jpg 1536w, https:\/\/puertasmc.com\/wp-content\/uploads\/2024\/06\/IMG-20210722-WA0001-18x8.jpg 18w\" data-vp-popup-img-size=\"1920x865\" data-vp-popup-md-img=\"https:\/\/puertasmc.com\/wp-content\/uploads\/2024\/06\/IMG-20210722-WA0001.jpg\" data-vp-popup-md-img-size=\"800x360\" data-vp-popup-sm-img=\"https:\/\/puertasmc.com\/wp-content\/uploads\/2024\/06\/IMG-20210722-WA0001.jpg\" data-vp-popup-sm-img-size=\"500x225\">\n\t<\/template>\n\t\t\t\t\t\t<figure class=\"vp-portfolio__item\">\n\t\t\t\t\n<div class=\"vp-portfolio__item-img-wrap\">\n\t<div class=\"vp-portfolio__item-img\">\n\t\t\t<a\n\t\thref=\"https:\/\/puertasmc.com\/wp-content\/uploads\/2024\/06\/IMG-20210722-WA0001.jpg\"\n\t\t\t>\n\t\n\t\t<noscript><img loading=\"lazy\" decoding=\"async\" width=\"1280\" height=\"577\" data-skip-lazy src=\"https:\/\/puertasmc.com\/wp-content\/uploads\/2024\/06\/IMG-20210722-WA0001.jpg\" class=\"wp-image-1531\" alt=\"\" srcset=\"https:\/\/puertasmc.com\/wp-content\/uploads\/2024\/06\/IMG-20210722-WA0001.jpg 2016w, https:\/\/puertasmc.com\/wp-content\/uploads\/2024\/06\/IMG-20210722-WA0001-300x135.jpg 300w, https:\/\/puertasmc.com\/wp-content\/uploads\/2024\/06\/IMG-20210722-WA0001-1024x461.jpg 1024w, https:\/\/puertasmc.com\/wp-content\/uploads\/2024\/06\/IMG-20210722-WA0001-768x346.jpg 768w, https:\/\/puertasmc.com\/wp-content\/uploads\/2024\/06\/IMG-20210722-WA0001-1536x692.jpg 1536w, https:\/\/puertasmc.com\/wp-content\/uploads\/2024\/06\/IMG-20210722-WA0001-18x8.jpg 18w\" sizes=\"auto, (max-width: 1280px) 100vw, 1280px\" \/><\/noscript><img decoding=\"async\" width=\"1280\" height=\"577\" src=\"https:\/\/puertasmc.com\/wp-content\/uploads\/2024\/06\/IMG-20210722-WA0001.jpg\" class=\"wp-image-1531 vp-lazyload\" alt srcset=\"data:image\/svg+xml;base64,PHN2ZyB3aWR0aD0iMTI4MCIgaGVpZ2h0PSI1NzciIHZpZXdCb3g9IjAgMCAxMjgwIDU3NyIgZmlsbD0ibm9uZSIgeG1sbnM9Imh0dHA6Ly93d3cudzMub3JnLzIwMDAvc3ZnIj48L3N2Zz4=\" data-src=\"https:\/\/puertasmc.com\/wp-content\/uploads\/2024\/06\/IMG-20210722-WA0001.jpg\" data-srcset=\"https:\/\/puertasmc.com\/wp-content\/uploads\/2024\/06\/IMG-20210722-WA0001.jpg 2016w, https:\/\/puertasmc.com\/wp-content\/uploads\/2024\/06\/IMG-20210722-WA0001-300x135.jpg 300w, https:\/\/puertasmc.com\/wp-content\/uploads\/2024\/06\/IMG-20210722-WA0001-1024x461.jpg 1024w, https:\/\/puertasmc.com\/wp-content\/uploads\/2024\/06\/IMG-20210722-WA0001-768x346.jpg 768w, https:\/\/puertasmc.com\/wp-content\/uploads\/2024\/06\/IMG-20210722-WA0001-1536x692.jpg 1536w, https:\/\/puertasmc.com\/wp-content\/uploads\/2024\/06\/IMG-20210722-WA0001-18x8.jpg 18w\" data-sizes=\"auto\" loading=\"eager\">\n\t\t<div class=\"vp-portfolio__item-overlay\">\n\t\t\t\t\t<\/div>\n\n\t\t<\/a>\t<\/div>\n<\/div>\n\n\t\t\t<\/figure>\n\t\t\t\t\t<\/div>\n\t\t\n<\/div>\n\t\t<\/div>\n\t\t\n<\/div>\n<\/div><\/div>\n","protected":false},"excerpt":{"rendered":"<p>PUERTAS de garaje residenciales<\/p>\n","protected":false},"author":1,"featured_media":0,"parent":84,"menu_order":0,"comment_status":"closed","ping_status":"closed","template":"","meta":{"site-sidebar-layout":"default","site-content-layout":"","ast-site-content-layout":"full-width-container","site-content-style":"default","site-sidebar-style":"default","ast-global-header-display":"","ast-banner-title-visibility":"","ast-main-header-display":"","ast-hfb-above-header-display":"","ast-hfb-below-header-display":"","ast-hfb-mobile-header-display":"","site-post-title":"","ast-breadcrumbs-content":"","ast-featured-img":"","footer-sml-layout":"","theme-transparent-header-meta":"","adv-header-id-meta":"","stick-header-meta":"","header-above-stick-meta":"","header-main-stick-meta":"","header-below-stick-meta":"","astra-migrate-meta-layouts":"set","ast-page-background-enabled":"default","ast-page-background-meta":{"desktop":{"background-color":"","background-image":"","background-repeat":"repeat","background-position":"center center","background-size":"auto","background-attachment":"scroll","background-type":"","background-media":"","overlay-type":"","overlay-color":"","overlay-opacity":"","overlay-gradient":""},"tablet":{"background-color":"","background-image":"","background-repeat":"repeat","background-position":"center center","background-size":"auto","background-attachment":"scroll","background-type":"","background-media":"","overlay-type":"","overlay-color":"","overlay-opacity":"","overlay-gradient":""},"mobile":{"background-color":"","background-image":"","background-repeat":"repeat","background-position":"center center","background-size":"auto","background-attachment":"scroll","background-type":"","background-media":"","overlay-type":"","overlay-color":"","overlay-opacity":"","overlay-gradient":""}},"ast-content-background-meta":{"desktop":{"background-color":"var(--ast-global-color-5)","background-image":"","background-repeat":"repeat","background-position":"center center","background-size":"auto","background-attachment":"scroll","background-type":"","background-media":"","overlay-type":"","overlay-color":"","overlay-opacity":"","overlay-gradient":""},"tablet":{"background-color":"var(--ast-global-color-5)","background-image":"","background-repeat":"repeat","background-position":"center center","background-size":"auto","background-attachment":"scroll","background-type":"","background-media":"","overlay-type":"","overlay-color":"","overlay-opacity":"","overlay-gradient":""},"mobile":{"background-color":"var(--ast-global-color-5)","background-image":"","background-repeat":"repeat","background-position":"center center","background-size":"auto","background-attachment":"scroll","background-type":"","background-media":"","overlay-type":"","overlay-color":"","overlay-opacity":"","overlay-gradient":""}},"_vp_format_video_url":"","_vp_image_focal_point":[],"footnotes":""},"class_list":["post-1317","page","type-page","status-publish","hentry"],"_links":{"self":[{"href":"https:\/\/puertasmc.com\/es\/wp-json\/wp\/v2\/pages\/1317","targetHints":{"allow":["GET"]}}],"collection":[{"href":"https:\/\/puertasmc.com\/es\/wp-json\/wp\/v2\/pages"}],"about":[{"href":"https:\/\/puertasmc.com\/es\/wp-json\/wp\/v2\/types\/page"}],"author":[{"embeddable":true,"href":"https:\/\/puertasmc.com\/es\/wp-json\/wp\/v2\/users\/1"}],"replies":[{"embeddable":true,"href":"https:\/\/puertasmc.com\/es\/wp-json\/wp\/v2\/comments?post=1317"}],"version-history":[{"count":7,"href":"https:\/\/puertasmc.com\/es\/wp-json\/wp\/v2\/pages\/1317\/revisions"}],"predecessor-version":[{"id":1819,"href":"https:\/\/puertasmc.com\/es\/wp-json\/wp\/v2\/pages\/1317\/revisions\/1819"}],"up":[{"embeddable":true,"href":"https:\/\/puertasmc.com\/es\/wp-json\/wp\/v2\/pages\/84"}],"wp:attachment":[{"href":"https:\/\/puertasmc.com\/es\/wp-json\/wp\/v2\/media?parent=1317"}],"curies":[{"name":"wp","href":"https:\/\/api.w.org\/{rel}","templated":true}]}}