{"id":1335,"date":"2024-05-26T23:21:11","date_gmt":"2024-05-26T21:21:11","guid":{"rendered":"https:\/\/labs.puertasmc.com\/?page_id=1335"},"modified":"2024-06-25T23:37:56","modified_gmt":"2024-06-25T21:37:56","slug":"puertas-correderas","status":"publish","type":"page","link":"https:\/\/puertasmc.com\/es\/productos\/puertas-correderas\/","title":{"rendered":"Correderas"},"content":{"rendered":"\n<div class=\"wp-block-group alignwide is-layout-constrained wp-block-group-is-layout-constrained\">\n<h1 class=\"wp-block-heading alignwide has-ast-global-color-0-color has-text-color has-link-color has-xx-large-font-size wp-elements-d740ade8fd5fea12372f7188d8443edc\">Puertas de garaje residenciales<\/h1>\n<\/div>\n\n\n\n<div class=\"wp-block-cover is-repeated\"><span aria-hidden=\"true\" class=\"wp-block-cover__background has-ast-global-color-8-background-color has-background-dim\"><\/span><div class=\"wp-block-cover__image-background wp-image-1193 is-repeated\" style=\"background-position:26% 34%;background-image:url(https:\/\/puertasmc.com\/wp-content\/uploads\/2024\/05\/WhatsApp-Image-2024-03-18-at-22.07.03-41.jpeg)\"><\/div><div class=\"wp-block-cover__inner-container is-layout-constrained wp-block-cover-is-layout-constrained\">\n<h2 class=\"wp-block-heading has-text-align-center\">PUERTAS CORREDERAS Y CANCELAS<\/h2>\n\n\n\n<div class=\"wp-block-columns is-layout-flex wp-container-core-columns-is-layout-28f84493 wp-block-columns-is-layout-flex\">\n<div class=\"wp-block-column is-layout-flow wp-block-column-is-layout-flow\" style=\"flex-basis:33.33%\"><\/div>\n\n\n\n<div class=\"wp-block-column is-layout-flow wp-block-column-is-layout-flow\" style=\"flex-basis:66.66%\">\n<p class=\"has-medium-font-size\"><strong>Soluciones de cerramientos para su finca y\/o garaje, que le proporcionan gran eficiencia en el espacio cuando dispone de sitio en el lateral para poder alojar la puerta. Se pueden fabricar en peque\u00f1as y grandes dimensiones<\/strong><\/p>\n\n\n\n<p class=\"has-medium-font-size\"><strong>Facilidad de uso en manual y con soluciones est\u00e9ticas amplias. Puertas que requieren un mantenimiento f\u00e1cil y pr\u00e1ctica y sencillas en su reparaci\u00f3n<\/strong><\/p>\n<\/div>\n<\/div>\n<\/div><\/div>\n\n\n\n<div class=\"wp-block-columns is-layout-flex wp-container-core-columns-is-layout-28f84493 wp-block-columns-is-layout-flex\">\n<div class=\"wp-block-column is-layout-constrained wp-block-column-is-layout-constrained\"><\/div>\n\n\n\n<div class=\"wp-block-column is-layout-flow wp-block-column-is-layout-flow\">\n<figure class=\"wp-block-image aligncenter size-full is-resized\"><a href=\"https:\/\/puertasroper.com\" target=\"_blank\" rel=\"noreferrer noopener\"><noscript><img loading=\"lazy\" decoding=\"async\" width=\"115\" height=\"106\" data-skip-lazy src=\"https:\/\/puertasmc.com\/wp-content\/uploads\/2024\/03\/logoRoper.png\" alt=\"Roper\" class=\"wp-image-834\" style=\"width:165px;height:auto\"\/><\/noscript><img loading=\"eager\" decoding=\"async\" width=\"115\" height=\"106\" src=\"data:image\/svg+xml;base64,PHN2ZyB3aWR0aD0iMTE1IiBoZWlnaHQ9IjEwNiIgdmlld0JveD0iMCAwIDExNSAxMDYiIGZpbGw9Im5vbmUiIHhtbG5zPSJodHRwOi8vd3d3LnczLm9yZy8yMDAwL3N2ZyI+PC9zdmc+\" alt=\"Roper\" class=\"wp-image-834 vp-lazyload\" style=\"width:165px;height:auto\" data-src=\"https:\/\/puertasmc.com\/wp-content\/uploads\/2024\/03\/logoRoper.png\" data-sizes=\"auto\"><\/a><\/figure>\n<\/div>\n\n\n\n<div class=\"wp-block-column is-layout-flow wp-block-column-is-layout-flow\"><\/div>\n<\/div>\n\n\n\n<div class=\"wp-block-group is-layout-constrained wp-block-group-is-layout-constrained\"><div class=\"wp-block-visual-portfolio alignwide\">\n<div class=\"vp-portfolio vp-uid-e28535db vp-id-1GqbcV\"\n\tdata-vp-layout=\"masonry\" data-vp-content-source=\"images\" data-vp-items-style=\"default\" data-vp-items-click-action=\"popup_gallery\" data-vp-items-gap=\"15\" data-vp-items-gap-vertical=\"\" data-vp-pagination=\"load-more\" data-vp-next-page-url=\"\" data-vp-masonry-columns=\"5\" >\n\t<div class=\"vp-portfolio__preloader-wrap\">\n\t\t<div class=\"vp-portfolio__preloader\">\n\t\t\t<img decoding=\"async\" loading=\"eager\" src=\"https:\/\/puertasmc.com\/wp-content\/plugins\/visual-portfolio\/assets\/images\/logo-dark.svg\" alt=\"Visual Portfolio, Posts &amp; Image Gallery para WordPress\" width=\"20\" height=\"20\" data-skip-lazy>\n\t\t<\/div>\n\t<\/div>\n\t\t<div class=\"vp-portfolio__items-wrap\">\n\t\t\t\n<div class=\"vp-portfolio__items vp-portfolio__items-style-default vp-portfolio__items-show-overlay-hover\">\n\n\t\t<div\t\tclass=\"vp-portfolio__item-wrap vp-portfolio__item-uid-03c152c7\" data-vp-filter=\"\" \t\t>\n\t\t\t<template class=\"vp-portfolio__item-popup\" data-vp-popup-img=\"https:\/\/puertasmc.com\/wp-content\/uploads\/2024\/06\/IMG-20211014-WA0000-1920x865.jpg\" data-vp-popup-img-srcset=\"https:\/\/puertasmc.com\/wp-content\/uploads\/2024\/06\/IMG-20211014-WA0000-1920x865.jpg 1920w, https:\/\/puertasmc.com\/wp-content\/uploads\/2024\/06\/IMG-20211014-WA0000-300x135.jpg 300w, https:\/\/puertasmc.com\/wp-content\/uploads\/2024\/06\/IMG-20211014-WA0000-1024x461.jpg 1024w, https:\/\/puertasmc.com\/wp-content\/uploads\/2024\/06\/IMG-20211014-WA0000-768x346.jpg 768w, https:\/\/puertasmc.com\/wp-content\/uploads\/2024\/06\/IMG-20211014-WA0000-1536x692.jpg 1536w, https:\/\/puertasmc.com\/wp-content\/uploads\/2024\/06\/IMG-20211014-WA0000-18x8.jpg 18w, https:\/\/puertasmc.com\/wp-content\/uploads\/2024\/06\/IMG-20211014-WA0000-500x225.jpg 500w, https:\/\/puertasmc.com\/wp-content\/uploads\/2024\/06\/IMG-20211014-WA0000-800x360.jpg 800w, https:\/\/puertasmc.com\/wp-content\/uploads\/2024\/06\/IMG-20211014-WA0000-1280x577.jpg 1280w, https:\/\/puertasmc.com\/wp-content\/uploads\/2024\/06\/IMG-20211014-WA0000.jpg 2016w\" data-vp-popup-img-size=\"1920x865\" data-vp-popup-md-img=\"https:\/\/puertasmc.com\/wp-content\/uploads\/2024\/06\/IMG-20211014-WA0000-800x360.jpg\" data-vp-popup-md-img-size=\"800x360\" data-vp-popup-sm-img=\"https:\/\/puertasmc.com\/wp-content\/uploads\/2024\/06\/IMG-20211014-WA0000-500x225.jpg\" data-vp-popup-sm-img-size=\"500x225\">\n\t<\/template>\n\t\t\t\t\t\t<figure class=\"vp-portfolio__item\">\n\t\t\t\t\n<div class=\"vp-portfolio__item-img-wrap\">\n\t<div class=\"vp-portfolio__item-img\">\n\t\t\t<a\n\t\thref=\"https:\/\/puertasmc.com\/wp-content\/uploads\/2024\/06\/IMG-20211014-WA0000-1920x865.jpg\"\n\t\t\t>\n\t\n\t\t<noscript><img loading=\"lazy\" decoding=\"async\" width=\"1280\" height=\"577\" data-skip-lazy src=\"https:\/\/puertasmc.com\/wp-content\/uploads\/2024\/06\/IMG-20211014-WA0000-1280x577.jpg\" class=\"wp-image-1591\" alt=\"\" srcset=\"https:\/\/puertasmc.com\/wp-content\/uploads\/2024\/06\/IMG-20211014-WA0000-1280x577.jpg 1280w, https:\/\/puertasmc.com\/wp-content\/uploads\/2024\/06\/IMG-20211014-WA0000-300x135.jpg 300w, https:\/\/puertasmc.com\/wp-content\/uploads\/2024\/06\/IMG-20211014-WA0000-1024x461.jpg 1024w, https:\/\/puertasmc.com\/wp-content\/uploads\/2024\/06\/IMG-20211014-WA0000-768x346.jpg 768w, https:\/\/puertasmc.com\/wp-content\/uploads\/2024\/06\/IMG-20211014-WA0000-1536x692.jpg 1536w, https:\/\/puertasmc.com\/wp-content\/uploads\/2024\/06\/IMG-20211014-WA0000-18x8.jpg 18w, https:\/\/puertasmc.com\/wp-content\/uploads\/2024\/06\/IMG-20211014-WA0000-500x225.jpg 500w, https:\/\/puertasmc.com\/wp-content\/uploads\/2024\/06\/IMG-20211014-WA0000-800x360.jpg 800w, https:\/\/puertasmc.com\/wp-content\/uploads\/2024\/06\/IMG-20211014-WA0000-1920x865.jpg 1920w, https:\/\/puertasmc.com\/wp-content\/uploads\/2024\/06\/IMG-20211014-WA0000.jpg 2016w\" sizes=\"auto, (max-width: 1280px) 100vw, 1280px\" \/><\/noscript><img fetchpriority=\"high\" decoding=\"async\" width=\"1280\" height=\"577\" src=\"https:\/\/puertasmc.com\/wp-content\/uploads\/2024\/06\/IMG-20211014-WA0000-1280x577.jpg\" class=\"wp-image-1591 vp-lazyload\" alt srcset=\"data:image\/svg+xml;base64,PHN2ZyB3aWR0aD0iMTI4MCIgaGVpZ2h0PSI1NzciIHZpZXdCb3g9IjAgMCAxMjgwIDU3NyIgZmlsbD0ibm9uZSIgeG1sbnM9Imh0dHA6Ly93d3cudzMub3JnLzIwMDAvc3ZnIj48L3N2Zz4=\" data-src=\"https:\/\/puertasmc.com\/wp-content\/uploads\/2024\/06\/IMG-20211014-WA0000-1280x577.jpg\" data-srcset=\"https:\/\/puertasmc.com\/wp-content\/uploads\/2024\/06\/IMG-20211014-WA0000-1280x577.jpg 1280w, https:\/\/puertasmc.com\/wp-content\/uploads\/2024\/06\/IMG-20211014-WA0000-300x135.jpg 300w, https:\/\/puertasmc.com\/wp-content\/uploads\/2024\/06\/IMG-20211014-WA0000-1024x461.jpg 1024w, https:\/\/puertasmc.com\/wp-content\/uploads\/2024\/06\/IMG-20211014-WA0000-768x346.jpg 768w, https:\/\/puertasmc.com\/wp-content\/uploads\/2024\/06\/IMG-20211014-WA0000-1536x692.jpg 1536w, https:\/\/puertasmc.com\/wp-content\/uploads\/2024\/06\/IMG-20211014-WA0000-18x8.jpg 18w, https:\/\/puertasmc.com\/wp-content\/uploads\/2024\/06\/IMG-20211014-WA0000-500x225.jpg 500w, https:\/\/puertasmc.com\/wp-content\/uploads\/2024\/06\/IMG-20211014-WA0000-800x360.jpg 800w, https:\/\/puertasmc.com\/wp-content\/uploads\/2024\/06\/IMG-20211014-WA0000-1920x865.jpg 1920w, https:\/\/puertasmc.com\/wp-content\/uploads\/2024\/06\/IMG-20211014-WA0000.jpg 2016w\" data-sizes=\"auto\" loading=\"eager\">\n\t\t<div class=\"vp-portfolio__item-overlay\">\n\t\t\t\t\t<\/div>\n\n\t\t<\/a>\t<\/div>\n<\/div>\n\n\t\t\t<\/figure>\n\t\t\t\t\t<\/div>\n\t\t\n\t\t<div\t\tclass=\"vp-portfolio__item-wrap vp-portfolio__item-uid-d7a6b287\" data-vp-filter=\"\" \t\t>\n\t\t\t<template class=\"vp-portfolio__item-popup\" data-vp-popup-img=\"https:\/\/puertasmc.com\/wp-content\/uploads\/2024\/05\/WhatsApp-Image-2024-03-18-at-22.07.03-41.jpeg\" data-vp-popup-img-srcset=\"https:\/\/puertasmc.com\/wp-content\/uploads\/2024\/05\/WhatsApp-Image-2024-03-18-at-22.07.03-41.jpeg 2048w, https:\/\/puertasmc.com\/wp-content\/uploads\/2024\/05\/WhatsApp-Image-2024-03-18-at-22.07.03-41-300x135.jpeg 300w, https:\/\/puertasmc.com\/wp-content\/uploads\/2024\/05\/WhatsApp-Image-2024-03-18-at-22.07.03-41-1024x461.jpeg 1024w, https:\/\/puertasmc.com\/wp-content\/uploads\/2024\/05\/WhatsApp-Image-2024-03-18-at-22.07.03-41-768x345.jpeg 768w, https:\/\/puertasmc.com\/wp-content\/uploads\/2024\/05\/WhatsApp-Image-2024-03-18-at-22.07.03-41-1536x691.jpeg 1536w, https:\/\/puertasmc.com\/wp-content\/uploads\/2024\/05\/WhatsApp-Image-2024-03-18-at-22.07.03-41-18x8.jpeg 18w\" data-vp-popup-img-size=\"1920x863\" data-vp-popup-md-img=\"https:\/\/puertasmc.com\/wp-content\/uploads\/2024\/05\/WhatsApp-Image-2024-03-18-at-22.07.03-41.jpeg\" data-vp-popup-md-img-size=\"800x360\" data-vp-popup-sm-img=\"https:\/\/puertasmc.com\/wp-content\/uploads\/2024\/05\/WhatsApp-Image-2024-03-18-at-22.07.03-41.jpeg\" data-vp-popup-sm-img-size=\"500x225\">\n\t<\/template>\n\t\t\t\t\t\t<figure class=\"vp-portfolio__item\">\n\t\t\t\t\n<div class=\"vp-portfolio__item-img-wrap\">\n\t<div class=\"vp-portfolio__item-img\">\n\t\t\t<a\n\t\thref=\"https:\/\/puertasmc.com\/wp-content\/uploads\/2024\/05\/WhatsApp-Image-2024-03-18-at-22.07.03-41.jpeg\"\n\t\t\t>\n\t\n\t\t<noscript><img loading=\"lazy\" decoding=\"async\" width=\"1280\" height=\"576\" data-skip-lazy src=\"https:\/\/puertasmc.com\/wp-content\/uploads\/2024\/05\/WhatsApp-Image-2024-03-18-at-22.07.03-41.jpeg\" class=\"wp-image-1193\" alt=\"\" srcset=\"https:\/\/puertasmc.com\/wp-content\/uploads\/2024\/05\/WhatsApp-Image-2024-03-18-at-22.07.03-41.jpeg 2048w, https:\/\/puertasmc.com\/wp-content\/uploads\/2024\/05\/WhatsApp-Image-2024-03-18-at-22.07.03-41-300x135.jpeg 300w, https:\/\/puertasmc.com\/wp-content\/uploads\/2024\/05\/WhatsApp-Image-2024-03-18-at-22.07.03-41-1024x461.jpeg 1024w, https:\/\/puertasmc.com\/wp-content\/uploads\/2024\/05\/WhatsApp-Image-2024-03-18-at-22.07.03-41-768x345.jpeg 768w, https:\/\/puertasmc.com\/wp-content\/uploads\/2024\/05\/WhatsApp-Image-2024-03-18-at-22.07.03-41-1536x691.jpeg 1536w, https:\/\/puertasmc.com\/wp-content\/uploads\/2024\/05\/WhatsApp-Image-2024-03-18-at-22.07.03-41-18x8.jpeg 18w\" sizes=\"auto, (max-width: 1280px) 100vw, 1280px\" \/><\/noscript><img decoding=\"async\" width=\"1280\" height=\"576\" src=\"https:\/\/puertasmc.com\/wp-content\/uploads\/2024\/05\/WhatsApp-Image-2024-03-18-at-22.07.03-41.jpeg\" class=\"wp-image-1193 vp-lazyload\" alt srcset=\"data:image\/svg+xml;base64,PHN2ZyB3aWR0aD0iMTI4MCIgaGVpZ2h0PSI1NzYiIHZpZXdCb3g9IjAgMCAxMjgwIDU3NiIgZmlsbD0ibm9uZSIgeG1sbnM9Imh0dHA6Ly93d3cudzMub3JnLzIwMDAvc3ZnIj48L3N2Zz4=\" data-src=\"https:\/\/puertasmc.com\/wp-content\/uploads\/2024\/05\/WhatsApp-Image-2024-03-18-at-22.07.03-41.jpeg\" data-srcset=\"https:\/\/puertasmc.com\/wp-content\/uploads\/2024\/05\/WhatsApp-Image-2024-03-18-at-22.07.03-41.jpeg 2048w, https:\/\/puertasmc.com\/wp-content\/uploads\/2024\/05\/WhatsApp-Image-2024-03-18-at-22.07.03-41-300x135.jpeg 300w, https:\/\/puertasmc.com\/wp-content\/uploads\/2024\/05\/WhatsApp-Image-2024-03-18-at-22.07.03-41-1024x461.jpeg 1024w, https:\/\/puertasmc.com\/wp-content\/uploads\/2024\/05\/WhatsApp-Image-2024-03-18-at-22.07.03-41-768x345.jpeg 768w, https:\/\/puertasmc.com\/wp-content\/uploads\/2024\/05\/WhatsApp-Image-2024-03-18-at-22.07.03-41-1536x691.jpeg 1536w, https:\/\/puertasmc.com\/wp-content\/uploads\/2024\/05\/WhatsApp-Image-2024-03-18-at-22.07.03-41-18x8.jpeg 18w\" data-sizes=\"auto\" loading=\"eager\">\n\t\t<div class=\"vp-portfolio__item-overlay\">\n\t\t\t\t\t<\/div>\n\n\t\t<\/a>\t<\/div>\n<\/div>\n\n\t\t\t<\/figure>\n\t\t\t\t\t<\/div>\n\t\t\n<\/div>\n\t\t<\/div>\n\t\t\n<\/div>\n<\/div><\/div>\n","protected":false},"excerpt":{"rendered":"<p>Puertas de garaje residenciales<\/p>\n","protected":false},"author":1,"featured_media":0,"parent":84,"menu_order":0,"comment_status":"closed","ping_status":"closed","template":"","meta":{"site-sidebar-layout":"default","site-content-layout":"","ast-site-content-layout":"full-width-container","site-content-style":"default","site-sidebar-style":"default","ast-global-header-display":"","ast-banner-title-visibility":"","ast-main-header-display":"","ast-hfb-above-header-display":"","ast-hfb-below-header-display":"","ast-hfb-mobile-header-display":"","site-post-title":"","ast-breadcrumbs-content":"","ast-featured-img":"","footer-sml-layout":"","theme-transparent-header-meta":"","adv-header-id-meta":"","stick-header-meta":"","header-above-stick-meta":"","header-main-stick-meta":"","header-below-stick-meta":"","astra-migrate-meta-layouts":"set","ast-page-background-enabled":"default","ast-page-background-meta":{"desktop":{"background-color":"","background-image":"","background-repeat":"repeat","background-position":"center center","background-size":"auto","background-attachment":"scroll","background-type":"","background-media":"","overlay-type":"","overlay-color":"","overlay-opacity":"","overlay-gradient":""},"tablet":{"background-color":"","background-image":"","background-repeat":"repeat","background-position":"center center","background-size":"auto","background-attachment":"scroll","background-type":"","background-media":"","overlay-type":"","overlay-color":"","overlay-opacity":"","overlay-gradient":""},"mobile":{"background-color":"","background-image":"","background-repeat":"repeat","background-position":"center center","background-size":"auto","background-attachment":"scroll","background-type":"","background-media":"","overlay-type":"","overlay-color":"","overlay-opacity":"","overlay-gradient":""}},"ast-content-background-meta":{"desktop":{"background-color":"var(--ast-global-color-5)","background-image":"","background-repeat":"repeat","background-position":"center center","background-size":"auto","background-attachment":"scroll","background-type":"","background-media":"","overlay-type":"","overlay-color":"","overlay-opacity":"","overlay-gradient":""},"tablet":{"background-color":"var(--ast-global-color-5)","background-image":"","background-repeat":"repeat","background-position":"center center","background-size":"auto","background-attachment":"scroll","background-type":"","background-media":"","overlay-type":"","overlay-color":"","overlay-opacity":"","overlay-gradient":""},"mobile":{"background-color":"var(--ast-global-color-5)","background-image":"","background-repeat":"repeat","background-position":"center center","background-size":"auto","background-attachment":"scroll","background-type":"","background-media":"","overlay-type":"","overlay-color":"","overlay-opacity":"","overlay-gradient":""}},"_vp_format_video_url":"","_vp_image_focal_point":[],"footnotes":""},"class_list":["post-1335","page","type-page","status-publish","hentry"],"_links":{"self":[{"href":"https:\/\/puertasmc.com\/es\/wp-json\/wp\/v2\/pages\/1335","targetHints":{"allow":["GET"]}}],"collection":[{"href":"https:\/\/puertasmc.com\/es\/wp-json\/wp\/v2\/pages"}],"about":[{"href":"https:\/\/puertasmc.com\/es\/wp-json\/wp\/v2\/types\/page"}],"author":[{"embeddable":true,"href":"https:\/\/puertasmc.com\/es\/wp-json\/wp\/v2\/users\/1"}],"replies":[{"embeddable":true,"href":"https:\/\/puertasmc.com\/es\/wp-json\/wp\/v2\/comments?post=1335"}],"version-history":[{"count":5,"href":"https:\/\/puertasmc.com\/es\/wp-json\/wp\/v2\/pages\/1335\/revisions"}],"predecessor-version":[{"id":1632,"href":"https:\/\/puertasmc.com\/es\/wp-json\/wp\/v2\/pages\/1335\/revisions\/1632"}],"up":[{"embeddable":true,"href":"https:\/\/puertasmc.com\/es\/wp-json\/wp\/v2\/pages\/84"}],"wp:attachment":[{"href":"https:\/\/puertasmc.com\/es\/wp-json\/wp\/v2\/media?parent=1335"}],"curies":[{"name":"wp","href":"https:\/\/api.w.org\/{rel}","templated":true}]}}