{"id":1510,"date":"2024-06-18T23:51:49","date_gmt":"2024-06-18T21:51:49","guid":{"rendered":"https:\/\/labs.puertasmc.com\/?page_id=1510"},"modified":"2024-06-26T23:13:32","modified_gmt":"2024-06-26T21:13:32","slug":"otras-soluciones-en-cerramientos","status":"publish","type":"page","link":"https:\/\/puertasmc.com\/es\/productos\/otras-soluciones-en-cerramientos\/","title":{"rendered":"Otras soluciones en cerramientos"},"content":{"rendered":"\n<div class=\"wp-block-group alignwide is-content-justification-center is-layout-constrained wp-block-group-is-layout-constrained\">\n<h1 class=\"wp-block-heading alignwide has-ast-global-color-0-color has-text-color has-link-color has-xx-large-font-size wp-elements-381086da9b212e4af29a5946bb6d8549\">PUERTAS industriales<\/h1>\n<\/div>\n\n\n\n<div class=\"wp-block-cover\"><span aria-hidden=\"true\" class=\"wp-block-cover__background has-ast-global-color-8-background-color has-background-dim\"><\/span><noscript><img loading=\"lazy\" decoding=\"async\" width=\"2000\" height=\"1500\" class=\"wp-block-cover__image-background wp-image-877\" alt=\"Puertas MC\" data-skip-lazy src=\"https:\/\/puertasmc.com\/wp-content\/uploads\/2024\/04\/WhatsApp-Image-2024-03-18-at-21.41.42.jpeg\" style=\"object-position:43% 46%\" data-object-fit=\"cover\" data-object-position=\"43% 46%\" srcset=\"https:\/\/puertasmc.com\/wp-content\/uploads\/2024\/04\/WhatsApp-Image-2024-03-18-at-21.41.42.jpeg 2000w, https:\/\/puertasmc.com\/wp-content\/uploads\/2024\/04\/WhatsApp-Image-2024-03-18-at-21.41.42-300x225.jpeg 300w, https:\/\/puertasmc.com\/wp-content\/uploads\/2024\/04\/WhatsApp-Image-2024-03-18-at-21.41.42-1024x768.jpeg 1024w, https:\/\/puertasmc.com\/wp-content\/uploads\/2024\/04\/WhatsApp-Image-2024-03-18-at-21.41.42-768x576.jpeg 768w, https:\/\/puertasmc.com\/wp-content\/uploads\/2024\/04\/WhatsApp-Image-2024-03-18-at-21.41.42-1536x1152.jpeg 1536w, https:\/\/puertasmc.com\/wp-content\/uploads\/2024\/04\/WhatsApp-Image-2024-03-18-at-21.41.42-16x12.jpeg 16w\" sizes=\"auto, (max-width: 2000px) 100vw, 2000px\" \/><\/noscript><img loading=\"eager\" decoding=\"async\" width=\"2000\" height=\"1500\" class=\"wp-block-cover__image-background wp-image-877 vp-lazyload\" alt=\"Puertas MC\" src=\"https:\/\/puertasmc.com\/wp-content\/uploads\/2024\/04\/WhatsApp-Image-2024-03-18-at-21.41.42.jpeg\" style=\"object-position:43% 46%\" data-object-fit=\"cover\" data-object-position=\"43% 46%\" srcset=\"data:image\/svg+xml;base64,PHN2ZyB3aWR0aD0iMjAwMCIgaGVpZ2h0PSIxNTAwIiB2aWV3Qm94PSIwIDAgMjAwMCAxNTAwIiBmaWxsPSJub25lIiB4bWxucz0iaHR0cDovL3d3dy53My5vcmcvMjAwMC9zdmciPjwvc3ZnPg==\" data-src=\"https:\/\/puertasmc.com\/wp-content\/uploads\/2024\/04\/WhatsApp-Image-2024-03-18-at-21.41.42.jpeg\" data-srcset=\"https:\/\/puertasmc.com\/wp-content\/uploads\/2024\/04\/WhatsApp-Image-2024-03-18-at-21.41.42.jpeg 2000w, https:\/\/puertasmc.com\/wp-content\/uploads\/2024\/04\/WhatsApp-Image-2024-03-18-at-21.41.42-300x225.jpeg 300w, https:\/\/puertasmc.com\/wp-content\/uploads\/2024\/04\/WhatsApp-Image-2024-03-18-at-21.41.42-1024x768.jpeg 1024w, https:\/\/puertasmc.com\/wp-content\/uploads\/2024\/04\/WhatsApp-Image-2024-03-18-at-21.41.42-768x576.jpeg 768w, https:\/\/puertasmc.com\/wp-content\/uploads\/2024\/04\/WhatsApp-Image-2024-03-18-at-21.41.42-1536x1152.jpeg 1536w, https:\/\/puertasmc.com\/wp-content\/uploads\/2024\/04\/WhatsApp-Image-2024-03-18-at-21.41.42-16x12.jpeg 16w\" data-sizes=\"auto\"><div class=\"wp-block-cover__inner-container is-layout-constrained wp-block-cover-is-layout-constrained\">\n<h2 class=\"wp-block-heading has-text-align-center\">Otras soluciones en cerramientos<\/h2>\n\n\n\n<div class=\"wp-block-columns is-layout-flex wp-container-core-columns-is-layout-28f84493 wp-block-columns-is-layout-flex\">\n<div class=\"wp-block-column is-layout-flow wp-block-column-is-layout-flow\" style=\"flex-basis:33.33%\"><\/div>\n\n\n\n<div class=\"wp-block-column is-layout-flow wp-block-column-is-layout-flow\" style=\"flex-basis:66.66%\">\n<p class=\"has-medium-font-size\"><strong>Tambi\u00e9n les podemos ofrecer otros productos como batientes industriales, vallados, rejas, ballestas, cualquier estructura met\u00e1lica como soluci\u00f3n para cerramiento de huecos<\/strong><\/p>\n<\/div>\n<\/div>\n<\/div><\/div>\n\n\n\n<div style=\"height:100px\" aria-hidden=\"true\" class=\"wp-block-spacer\"><\/div>\n\n\n<div class=\"wp-block-visual-portfolio alignwide\">\n<div class=\"vp-portfolio vp-uid-e28535db vp-id-1GqbcV\"\n\tdata-vp-layout=\"masonry\" data-vp-content-source=\"images\" data-vp-items-style=\"default\" data-vp-items-click-action=\"popup_gallery\" data-vp-items-gap=\"15\" data-vp-items-gap-vertical=\"\" data-vp-pagination=\"load-more\" data-vp-next-page-url=\"\" data-vp-masonry-columns=\"5\" >\n\t<div class=\"vp-portfolio__preloader-wrap\">\n\t\t<div class=\"vp-portfolio__preloader\">\n\t\t\t<img decoding=\"async\" loading=\"eager\" src=\"https:\/\/puertasmc.com\/wp-content\/plugins\/visual-portfolio\/assets\/images\/logo-dark.svg\" alt=\"Visual Portfolio, Posts &amp; Image Gallery para WordPress\" width=\"20\" height=\"20\" data-skip-lazy>\n\t\t<\/div>\n\t<\/div>\n\t\t<div class=\"vp-portfolio__items-wrap\">\n\t\t\t\n<div class=\"vp-portfolio__items vp-portfolio__items-style-default vp-portfolio__items-show-overlay-hover\">\n\n\t\t<div\t\tclass=\"vp-portfolio__item-wrap vp-portfolio__item-uid-76676425\" data-vp-filter=\"\" \t\t>\n\t\t\t<template class=\"vp-portfolio__item-popup\" data-vp-popup-img=\"https:\/\/puertasmc.com\/wp-content\/uploads\/2024\/06\/IMG-20230927-WA0001.jpg\" data-vp-popup-img-srcset=\"https:\/\/puertasmc.com\/wp-content\/uploads\/2024\/06\/IMG-20230927-WA0001.jpg 720w, https:\/\/puertasmc.com\/wp-content\/uploads\/2024\/06\/IMG-20230927-WA0001-135x300.jpg 135w, https:\/\/puertasmc.com\/wp-content\/uploads\/2024\/06\/IMG-20230927-WA0001-461x1024.jpg 461w, https:\/\/puertasmc.com\/wp-content\/uploads\/2024\/06\/IMG-20230927-WA0001-691x1536.jpg 691w, https:\/\/puertasmc.com\/wp-content\/uploads\/2024\/06\/IMG-20230927-WA0001-5x12.jpg 5w, https:\/\/puertasmc.com\/wp-content\/uploads\/2024\/06\/IMG-20230927-WA0001-500x1111.jpg 500w\" data-vp-popup-img-size=\"720x1600\" data-vp-popup-md-img=\"https:\/\/puertasmc.com\/wp-content\/uploads\/2024\/06\/IMG-20230927-WA0001.jpg\" data-vp-popup-md-img-size=\"720x1600\" data-vp-popup-sm-img=\"https:\/\/puertasmc.com\/wp-content\/uploads\/2024\/06\/IMG-20230927-WA0001-500x1111.jpg\" data-vp-popup-sm-img-size=\"500x1111\">\n\t<\/template>\n\t\t\t\t\t\t<figure class=\"vp-portfolio__item\">\n\t\t\t\t\n<div class=\"vp-portfolio__item-img-wrap\">\n\t<div class=\"vp-portfolio__item-img\">\n\t\t\t<a\n\t\thref=\"https:\/\/puertasmc.com\/wp-content\/uploads\/2024\/06\/IMG-20230927-WA0001.jpg\"\n\t\t\t>\n\t\n\t\t<noscript><img loading=\"lazy\" decoding=\"async\" width=\"720\" height=\"1600\" data-skip-lazy src=\"https:\/\/puertasmc.com\/wp-content\/uploads\/2024\/06\/IMG-20230927-WA0001.jpg\" class=\"wp-image-1677\" alt=\"\" srcset=\"https:\/\/puertasmc.com\/wp-content\/uploads\/2024\/06\/IMG-20230927-WA0001.jpg 720w, https:\/\/puertasmc.com\/wp-content\/uploads\/2024\/06\/IMG-20230927-WA0001-135x300.jpg 135w, https:\/\/puertasmc.com\/wp-content\/uploads\/2024\/06\/IMG-20230927-WA0001-461x1024.jpg 461w, https:\/\/puertasmc.com\/wp-content\/uploads\/2024\/06\/IMG-20230927-WA0001-691x1536.jpg 691w, https:\/\/puertasmc.com\/wp-content\/uploads\/2024\/06\/IMG-20230927-WA0001-5x12.jpg 5w, https:\/\/puertasmc.com\/wp-content\/uploads\/2024\/06\/IMG-20230927-WA0001-500x1111.jpg 500w\" sizes=\"auto, (max-width: 720px) 100vw, 720px\" \/><\/noscript><img fetchpriority=\"high\" decoding=\"async\" width=\"720\" height=\"1600\" src=\"https:\/\/puertasmc.com\/wp-content\/uploads\/2024\/06\/IMG-20230927-WA0001.jpg\" class=\"wp-image-1677 vp-lazyload\" alt srcset=\"data:image\/svg+xml;base64,PHN2ZyB3aWR0aD0iNzIwIiBoZWlnaHQ9IjE2MDAiIHZpZXdCb3g9IjAgMCA3MjAgMTYwMCIgZmlsbD0ibm9uZSIgeG1sbnM9Imh0dHA6Ly93d3cudzMub3JnLzIwMDAvc3ZnIj48L3N2Zz4=\" data-src=\"https:\/\/puertasmc.com\/wp-content\/uploads\/2024\/06\/IMG-20230927-WA0001.jpg\" data-srcset=\"https:\/\/puertasmc.com\/wp-content\/uploads\/2024\/06\/IMG-20230927-WA0001.jpg 720w, https:\/\/puertasmc.com\/wp-content\/uploads\/2024\/06\/IMG-20230927-WA0001-135x300.jpg 135w, https:\/\/puertasmc.com\/wp-content\/uploads\/2024\/06\/IMG-20230927-WA0001-461x1024.jpg 461w, https:\/\/puertasmc.com\/wp-content\/uploads\/2024\/06\/IMG-20230927-WA0001-691x1536.jpg 691w, https:\/\/puertasmc.com\/wp-content\/uploads\/2024\/06\/IMG-20230927-WA0001-5x12.jpg 5w, https:\/\/puertasmc.com\/wp-content\/uploads\/2024\/06\/IMG-20230927-WA0001-500x1111.jpg 500w\" data-sizes=\"auto\" loading=\"eager\">\n\t\t<div class=\"vp-portfolio__item-overlay\">\n\t\t\t\t\t<\/div>\n\n\t\t<\/a>\t<\/div>\n<\/div>\n\n\t\t\t<\/figure>\n\t\t\t\t\t<\/div>\n\t\t\n\t\t<div\t\tclass=\"vp-portfolio__item-wrap vp-portfolio__item-uid-1a39a8fa\" data-vp-filter=\"\" \t\t>\n\t\t\t<template class=\"vp-portfolio__item-popup\" data-vp-popup-img=\"https:\/\/puertasmc.com\/wp-content\/uploads\/2024\/04\/WhatsApp-Image-2024-03-18-at-21.41.42.jpeg\" data-vp-popup-img-srcset=\"https:\/\/puertasmc.com\/wp-content\/uploads\/2024\/04\/WhatsApp-Image-2024-03-18-at-21.41.42.jpeg 2000w, https:\/\/puertasmc.com\/wp-content\/uploads\/2024\/04\/WhatsApp-Image-2024-03-18-at-21.41.42-300x225.jpeg 300w, https:\/\/puertasmc.com\/wp-content\/uploads\/2024\/04\/WhatsApp-Image-2024-03-18-at-21.41.42-1024x768.jpeg 1024w, https:\/\/puertasmc.com\/wp-content\/uploads\/2024\/04\/WhatsApp-Image-2024-03-18-at-21.41.42-768x576.jpeg 768w, https:\/\/puertasmc.com\/wp-content\/uploads\/2024\/04\/WhatsApp-Image-2024-03-18-at-21.41.42-1536x1152.jpeg 1536w, https:\/\/puertasmc.com\/wp-content\/uploads\/2024\/04\/WhatsApp-Image-2024-03-18-at-21.41.42-16x12.jpeg 16w\" data-vp-popup-img-size=\"1920x1440\" data-vp-popup-md-img=\"https:\/\/puertasmc.com\/wp-content\/uploads\/2024\/04\/WhatsApp-Image-2024-03-18-at-21.41.42.jpeg\" data-vp-popup-md-img-size=\"800x600\" data-vp-popup-sm-img=\"https:\/\/puertasmc.com\/wp-content\/uploads\/2024\/04\/WhatsApp-Image-2024-03-18-at-21.41.42.jpeg\" data-vp-popup-sm-img-size=\"500x375\">\n\t<\/template>\n\t\t\t\t\t\t<figure class=\"vp-portfolio__item\">\n\t\t\t\t\n<div class=\"vp-portfolio__item-img-wrap\">\n\t<div class=\"vp-portfolio__item-img\">\n\t\t\t<a\n\t\thref=\"https:\/\/puertasmc.com\/wp-content\/uploads\/2024\/04\/WhatsApp-Image-2024-03-18-at-21.41.42.jpeg\"\n\t\t\t>\n\t\n\t\t<noscript><img loading=\"lazy\" decoding=\"async\" width=\"1280\" height=\"960\" data-skip-lazy src=\"https:\/\/puertasmc.com\/wp-content\/uploads\/2024\/04\/WhatsApp-Image-2024-03-18-at-21.41.42.jpeg\" class=\"wp-image-877\" alt=\"Puertas MC\" srcset=\"https:\/\/puertasmc.com\/wp-content\/uploads\/2024\/04\/WhatsApp-Image-2024-03-18-at-21.41.42.jpeg 2000w, https:\/\/puertasmc.com\/wp-content\/uploads\/2024\/04\/WhatsApp-Image-2024-03-18-at-21.41.42-300x225.jpeg 300w, https:\/\/puertasmc.com\/wp-content\/uploads\/2024\/04\/WhatsApp-Image-2024-03-18-at-21.41.42-1024x768.jpeg 1024w, https:\/\/puertasmc.com\/wp-content\/uploads\/2024\/04\/WhatsApp-Image-2024-03-18-at-21.41.42-768x576.jpeg 768w, https:\/\/puertasmc.com\/wp-content\/uploads\/2024\/04\/WhatsApp-Image-2024-03-18-at-21.41.42-1536x1152.jpeg 1536w, https:\/\/puertasmc.com\/wp-content\/uploads\/2024\/04\/WhatsApp-Image-2024-03-18-at-21.41.42-16x12.jpeg 16w\" sizes=\"auto, (max-width: 1280px) 100vw, 1280px\" \/><\/noscript><img decoding=\"async\" width=\"1280\" height=\"960\" src=\"https:\/\/puertasmc.com\/wp-content\/uploads\/2024\/04\/WhatsApp-Image-2024-03-18-at-21.41.42.jpeg\" class=\"wp-image-877 vp-lazyload\" alt=\"Puertas MC\" srcset=\"data:image\/svg+xml;base64,PHN2ZyB3aWR0aD0iMTI4MCIgaGVpZ2h0PSI5NjAiIHZpZXdCb3g9IjAgMCAxMjgwIDk2MCIgZmlsbD0ibm9uZSIgeG1sbnM9Imh0dHA6Ly93d3cudzMub3JnLzIwMDAvc3ZnIj48L3N2Zz4=\" data-src=\"https:\/\/puertasmc.com\/wp-content\/uploads\/2024\/04\/WhatsApp-Image-2024-03-18-at-21.41.42.jpeg\" data-srcset=\"https:\/\/puertasmc.com\/wp-content\/uploads\/2024\/04\/WhatsApp-Image-2024-03-18-at-21.41.42.jpeg 2000w, https:\/\/puertasmc.com\/wp-content\/uploads\/2024\/04\/WhatsApp-Image-2024-03-18-at-21.41.42-300x225.jpeg 300w, https:\/\/puertasmc.com\/wp-content\/uploads\/2024\/04\/WhatsApp-Image-2024-03-18-at-21.41.42-1024x768.jpeg 1024w, https:\/\/puertasmc.com\/wp-content\/uploads\/2024\/04\/WhatsApp-Image-2024-03-18-at-21.41.42-768x576.jpeg 768w, https:\/\/puertasmc.com\/wp-content\/uploads\/2024\/04\/WhatsApp-Image-2024-03-18-at-21.41.42-1536x1152.jpeg 1536w, https:\/\/puertasmc.com\/wp-content\/uploads\/2024\/04\/WhatsApp-Image-2024-03-18-at-21.41.42-16x12.jpeg 16w\" data-sizes=\"auto\" loading=\"eager\">\n\t\t<div class=\"vp-portfolio__item-overlay\">\n\t\t\t\t\t<\/div>\n\n\t\t<\/a>\t<\/div>\n<\/div>\n\n\t\t\t<\/figure>\n\t\t\t\t\t<\/div>\n\t\t\n<\/div>\n\t\t<\/div>\n\t\t\n<\/div>\n<\/div>","protected":false},"excerpt":{"rendered":"<p>PUERTAS industriales<\/p>\n","protected":false},"author":1,"featured_media":0,"parent":84,"menu_order":0,"comment_status":"closed","ping_status":"closed","template":"","meta":{"site-sidebar-layout":"default","site-content-layout":"","ast-site-content-layout":"full-width-container","site-content-style":"default","site-sidebar-style":"default","ast-global-header-display":"","ast-banner-title-visibility":"","ast-main-header-display":"","ast-hfb-above-header-display":"","ast-hfb-below-header-display":"","ast-hfb-mobile-header-display":"","site-post-title":"","ast-breadcrumbs-content":"","ast-featured-img":"","footer-sml-layout":"","theme-transparent-header-meta":"","adv-header-id-meta":"","stick-header-meta":"","header-above-stick-meta":"","header-main-stick-meta":"","header-below-stick-meta":"","astra-migrate-meta-layouts":"set","ast-page-background-enabled":"default","ast-page-background-meta":{"desktop":{"background-color":"","background-image":"","background-repeat":"repeat","background-position":"center center","background-size":"auto","background-attachment":"scroll","background-type":"","background-media":"","overlay-type":"","overlay-color":"","overlay-opacity":"","overlay-gradient":""},"tablet":{"background-color":"","background-image":"","background-repeat":"repeat","background-position":"center center","background-size":"auto","background-attachment":"scroll","background-type":"","background-media":"","overlay-type":"","overlay-color":"","overlay-opacity":"","overlay-gradient":""},"mobile":{"background-color":"","background-image":"","background-repeat":"repeat","background-position":"center center","background-size":"auto","background-attachment":"scroll","background-type":"","background-media":"","overlay-type":"","overlay-color":"","overlay-opacity":"","overlay-gradient":""}},"ast-content-background-meta":{"desktop":{"background-color":"var(--ast-global-color-5)","background-image":"","background-repeat":"repeat","background-position":"center center","background-size":"auto","background-attachment":"scroll","background-type":"","background-media":"","overlay-type":"","overlay-color":"","overlay-opacity":"","overlay-gradient":""},"tablet":{"background-color":"var(--ast-global-color-5)","background-image":"","background-repeat":"repeat","background-position":"center center","background-size":"auto","background-attachment":"scroll","background-type":"","background-media":"","overlay-type":"","overlay-color":"","overlay-opacity":"","overlay-gradient":""},"mobile":{"background-color":"var(--ast-global-color-5)","background-image":"","background-repeat":"repeat","background-position":"center center","background-size":"auto","background-attachment":"scroll","background-type":"","background-media":"","overlay-type":"","overlay-color":"","overlay-opacity":"","overlay-gradient":""}},"_vp_format_video_url":"","_vp_image_focal_point":[],"footnotes":""},"class_list":["post-1510","page","type-page","status-publish","hentry"],"_links":{"self":[{"href":"https:\/\/puertasmc.com\/es\/wp-json\/wp\/v2\/pages\/1510","targetHints":{"allow":["GET"]}}],"collection":[{"href":"https:\/\/puertasmc.com\/es\/wp-json\/wp\/v2\/pages"}],"about":[{"href":"https:\/\/puertasmc.com\/es\/wp-json\/wp\/v2\/types\/page"}],"author":[{"embeddable":true,"href":"https:\/\/puertasmc.com\/es\/wp-json\/wp\/v2\/users\/1"}],"replies":[{"embeddable":true,"href":"https:\/\/puertasmc.com\/es\/wp-json\/wp\/v2\/comments?post=1510"}],"version-history":[{"count":6,"href":"https:\/\/puertasmc.com\/es\/wp-json\/wp\/v2\/pages\/1510\/revisions"}],"predecessor-version":[{"id":1680,"href":"https:\/\/puertasmc.com\/es\/wp-json\/wp\/v2\/pages\/1510\/revisions\/1680"}],"up":[{"embeddable":true,"href":"https:\/\/puertasmc.com\/es\/wp-json\/wp\/v2\/pages\/84"}],"wp:attachment":[{"href":"https:\/\/puertasmc.com\/es\/wp-json\/wp\/v2\/media?parent=1510"}],"curies":[{"name":"wp","href":"https:\/\/api.w.org\/{rel}","templated":true}]}}